{"id":29375,"date":"2021-12-23T06:00:59","date_gmt":"2021-12-23T05:00:59","guid":{"rendered":"https:\/\/gis-advisers.com\/politique-de-confidentialite\/"},"modified":"2022-09-30T23:30:47","modified_gmt":"2022-09-30T21:30:47","slug":"politique-de-confidentialite","status":"publish","type":"page","link":"https:\/\/gis-advisers.com\/it\/politique-de-confidentialite\/","title":{"rendered":"Politique de confidentialit\u00e9"},"content":{"rendered":"<p>[et_pb_section fb_built=&#8221;1&#8243; custom_padding_last_edited=&#8221;on|phone&#8221; next_background_color=&#8221;#ffffff&#8221; _builder_version=&#8221;4.18.0&#8243; _module_preset=&#8221;default&#8221; use_background_color_gradient=&#8221;on&#8221; background_color_gradient_stops=&#8221;rgba(5,5,5,0.35) 0%|rgba(5,5,5,0.35) 100%&#8221; background_color_gradient_overlays_image=&#8221;on&#8221; background_color_gradient_start=&#8221;rgba(0,62,145,0.55)&#8221; background_color_gradient_end=&#8221;rgba(0,34,79,0.8)&#8221; background_image=&#8221;https:\/\/gis-advisers.com\/wp-content\/uploads\/2021\/04\/geneva-2-scaled.jpg&#8221; custom_margin=&#8221;0px||0px||false|false&#8221; custom_padding=&#8221;100px|40px|160px|40px|false|true&#8221; custom_padding_tablet=&#8221;|20px|140px|20px|false|true&#8221; custom_padding_phone=&#8221;100px||130px||false|false&#8221; bottom_divider_style=&#8221;arrow3&#8243; bottom_divider_height_tablet=&#8221;60px&#8221; bottom_divider_height_phone=&#8221;40px&#8221; bottom_divider_height_last_edited=&#8221;on|desktop&#8221; hover_enabled=&#8221;0&#8243; global_colors_info=&#8221;{}&#8221; sticky_enabled=&#8221;0&#8243;][et_pb_row _builder_version=&#8221;4.16&#8243; _module_preset=&#8221;default&#8221; max_width=&#8221;650px&#8221; module_alignment=&#8221;center&#8221; custom_margin=&#8221;0px||0px||false|false&#8221; custom_padding=&#8221;0px||0px||false|false&#8221; global_colors_info=&#8221;{}&#8221;][et_pb_column type=&#8221;4_4&#8243; _builder_version=&#8221;4.16&#8243; _module_preset=&#8221;default&#8221; global_colors_info=&#8221;{}&#8221;][dsm_text_divider header=&#8221;Politique de confidentialit\u00e9&#8221; color=&#8221;#FFFFFF&#8221; divider_weight=&#8221;3px&#8221; _builder_version=&#8221;4.16&#8243; _module_preset=&#8221;default&#8221; header_level=&#8221;h1&#8243; header_text_align=&#8221;center&#8221; header_text_color=&#8221;#FFFFFF&#8221; header_font_size=&#8221;48px&#8221; custom_margin=&#8221;0px||0px||false|false&#8221; custom_padding=&#8221;0px||0px||false|false&#8221; header_font_size_tablet=&#8221;44px&#8221; header_font_size_phone=&#8221;40px&#8221; header_font_size_last_edited=&#8221;on|phone&#8221; global_colors_info=&#8221;{}&#8221;][\/dsm_text_divider][dsm_lottie _builder_version=&#8221;4.16&#8243; _module_preset=&#8221;default&#8221; global_colors_info=&#8221;{}&#8221;][\/dsm_lottie][\/et_pb_column][\/et_pb_row][\/et_pb_section][et_pb_section fb_built=&#8221;1&#8243; custom_padding_last_edited=&#8221;on|phone&#8221; _builder_version=&#8221;4.16&#8243; _module_preset=&#8221;default&#8221; custom_padding=&#8221;55px|40px|100px|40px|false|true&#8221; custom_padding_tablet=&#8221;|20px||20px|false|true&#8221; custom_padding_phone=&#8221;&#8221; global_colors_info=&#8221;{}&#8221;][et_pb_row _builder_version=&#8221;4.16&#8243; _module_preset=&#8221;default&#8221; max_width=&#8221;650px&#8221; module_alignment=&#8221;center&#8221; custom_margin=&#8221;0px||0px||false|false&#8221; custom_padding=&#8221;0px||0px||false|false&#8221; global_colors_info=&#8221;{}&#8221;][et_pb_column type=&#8221;4_4&#8243; _builder_version=&#8221;4.16&#8243; _module_preset=&#8221;default&#8221; global_colors_info=&#8221;{}&#8221;][et_pb_text _builder_version=&#8221;4.18.0&#8243; _module_preset=&#8221;default&#8221; link_font=&#8221;|600|||||||&#8221; link_text_color=&#8221;#A91917&#8243; header_2_font=&#8221;Source Sans Pro|600|||||||&#8221; header_2_font_size=&#8221;21px&#8221; header_2_line_height=&#8221;1.3em&#8221; custom_margin=&#8221;0px||0px||false|false&#8221; custom_padding=&#8221;0px||0px||false|false&#8221; global_colors_info=&#8221;{}&#8221;]<\/p>\n<h2>1. Mentions l\u00e9gales<\/h2>\n<p>GIS \u2013 Advisers SA<br \/>Rue du G\u00e9n\u00e9ral-Dufour 11<br \/>1204 Gen\u00e8ve<\/p>\n<p>T\u00e9l. <a href=\"tel:0041225522565\" title=\"+41 22 552 25 65\">+41 22 552 25 65<\/a><\/p>\n<p>Registre du commerce : CH-660.1.625.003-6<br \/>IDE\/TVA : CHE-110.181.702<\/p>\n<h2>2. H\u00e9bergement<\/h2>\n<p>Le site internet est h\u00e9berg\u00e9 par la soci\u00e9t\u00e9 :<\/p>\n<p>AlpHosting &#8211; TiZoo S\u00e0rl<br \/>Rue des Alpes 29<br \/>1023 Crissier, Suisse<\/p>\n<h2>3. G\u00e9n\u00e9ralit\u00e9s<\/h2>\n<p>GIS \u2013 Advisers SA entretient son site internet et prend les mesures n\u00e9cessaires pour assurer son bon fonctionnement.<\/p>\n<p>L&#8217;entreprise se r\u00e9serve le droit de modifier en partie ou en totalit\u00e9 le contenu de son site internet, de le supprimer ou d\u2019en suspendre temporairement la diffusion, et ce en tout temps et sans avertissement pr\u00e9alable.<\/p>\n<p>GIS \u2013 Advisers SA n\u2019assume aucune responsabilit\u00e9 pour les dommages directs, indirects ou cons\u00e9cutifs qui pourraient r\u00e9sulter de la consultation, de l\u2019utilisation ou de l\u2019impossibilit\u00e9 d\u2019acc\u00e9der \u00e0 son site web.<\/p>\n<h2>4. Liens vers d\u2019autres sites web<\/h2>\n<p>GIS \u2013 Advisers SA n\u2019a aucune influence sur les pages de destination accessibles depuis les liens externes et menant \u00e0 d\u2019autres sites web. Il rejette toute responsabilit\u00e9 quant au contenu de ces sites.<\/p>\n<h2>5. Propri\u00e9t\u00e9 intellectuelle &amp; droit d\u2019auteur<\/h2>\n<p>L\u2019ensemble des contenus de ce site internet est prot\u00e9g\u00e9 par le droit sur la propri\u00e9t\u00e9 intellectuelle et par le droit d\u2019auteur. Toute copie ou utilisation des contenus de ce site internet est possible avec l\u2019accord de GIS \u2013 Advisers SA uniquement.<\/p>\n<h2>6. Protection des donn\u00e9es<\/h2>\n<p>Aucune donn\u00e9e personnelle n\u2019est enregistr\u00e9e lors d\u2019une visite de ce site internet. Seules des donn\u00e9es non personnelles sont enregistr\u00e9es.<\/p>\n<p>Le pr\u00e9sent site web peut recueillir des donn\u00e9es personnelles uniquement pour fournir les prestations demand\u00e9es par l\u2019utilisateur (p. ex. Utilisation d\u2019un chat, questions adress\u00e9es par courrier \u00e9lectronique, inscription \u00e0 une newsletter, utilisation d\u2019un formulaire de contact, etc.). Ces donn\u00e9es ne sont utilis\u00e9es qu\u2019\u00e0 cette fin et ne sont pas transmises \u00e0 des tiers.<\/p>\n<h2>7. Google Analytics<\/h2>\n<p>Ce site utilise Google Analytics, un service d&#8217;analyse de site internet fourni par Google Inc. (\u00abGoogle\u00bb). Google Analytics utilise des cookies, qui sont des fichiers texte plac\u00e9s sur votre ordinateur, pour aider le site internet \u00e0 analyser l&#8217;utilisation du site par ses utilisateurs. Les donn\u00e9es g\u00e9n\u00e9r\u00e9es par les cookies concernant votre utilisation du site (y compris votre adresse IP) seront transmises et stock\u00e9es par Google sur des serveurs situ\u00e9s aux \u00c9tats-Unis.<\/p>\n<p>Google utilisera cette information dans le but d&#8217;\u00e9valuer votre utilisation du site, de compiler des rapports sur l&#8217;activit\u00e9 du site \u00e0 destination de son \u00e9diteur et de fournir d&#8217;autres services relatifs \u00e0 l&#8217;activit\u00e9 du site et \u00e0 l&#8217;utilisation d&#8217;internet. Google est susceptible de communiquer ces donn\u00e9es \u00e0 des tiers en cas d&#8217;obligation l\u00e9gale ou lorsque ces tiers traitent ces donn\u00e9es pour le compte de Google, y compris notamment l&#8217;\u00e9diteur de ce site.<\/p>\n<p>Vous pouvez d\u00e9sactiver l&#8217;utilisation de cookies en s\u00e9lectionnant les param\u00e8tres appropri\u00e9s de votre navigateur. Cependant, une telle d\u00e9sactivation pourrait emp\u00eacher l&#8217;utilisation de certaines fonctionnalit\u00e9s de ce site. En utilisant ce site internet, vous consentez express\u00e9ment au traitement de vos donn\u00e9es nominatives par Google dans les conditions et pour les finalit\u00e9s d\u00e9crites ci-dessus.<\/p>\n<h2>8. Cookies<\/h2>\n<p>Ce site internet utilise des outils de suivi (cookies et des technologies \u00e9quivalentes) dans le but d\u2019am\u00e9liorer l\u2019exp\u00e9rience utilisateur.<\/p>\n<p>Ces outils enregistrent certaines informations et donn\u00e9es communiqu\u00e9es lors d\u2019\u00e9changes avec la page internet depuis votre navigateur. Il s\u2019agit notamment de la page ou du site internet visit\u00e9s avant, la fr\u00e9quence des visites, la zone g\u00e9ographique et le support de l\u2019utilisateur ainsi que, pour autant qu\u2019il les ait rendus accessibles, son \u00e2ge, son sexe, etc.<\/p>\n<p>Ces informations permettent d\u2019\u00e9valuer l\u2019utilisation du site, de fournir et am\u00e9liorer en les personnalisant les services accessibles par l\u2019utilisation du site et d\u2019internet en g\u00e9n\u00e9ral et aussi de personnaliser l\u2019affichage et les actions publicitaires pour les utilisateurs, notamment pour les clients. Cette forme de publicit\u00e9 est effectu\u00e9e de mani\u00e8re enti\u00e8rement anonyme.<\/p>\n<p>Vous pouvez d\u00e9sactiver cette option en s\u00e9lectionnant les param\u00e8tres appropri\u00e9s de votre navigateur. Cependant, une telle d\u00e9sactivation pourrait emp\u00eacher l\u2019utilisation compl\u00e8te de certaines fonctionnalit\u00e9s de ce site.<\/p>\n<p>[\/et_pb_text][\/et_pb_column][\/et_pb_row][\/et_pb_section]<\/p>\n","protected":false},"excerpt":{"rendered":"<p><div class=\"et_pb_module dsm_text_divider dsm_text_divider_0\">\n\t\t\t\t\n\t\t\t\t\n\t\t\t\t\n\t\t\t\t\n\t\t\t\t\n\t\t\t\t\n\t\t\t\t<div class=\"et_pb_module_inner\">\n\t\t\t\t\t<div class=\"dsm-text-divider-wrapper dsm-text-divider-align-center et_pb_bg_layout_light\">\n\t\t\t\t\n\t\t\t\t\n\t\t\t\t<div class=\"dsm-text-divider-before dsm-divider\"><\/div>\n\t\t\t\t<h1 class=\"dsm-text-divider-header et_pb_module_header\"><span>Politique de confidentialit\u00e9<\/span><\/h1>\n\t\t\t\t<div class=\"dsm-text-divider-after dsm-divider\"><\/div>\n\t\t\t<\/div>\n\t\t\t\t<\/div>\n\t\t\t<\/div><div class=\"et_pb_module dsm_lottie dsm_lottie_0\">\n\t\t\t\t\n\t\t\t\t\n\t\t\t\t\n\t\t\t\t\n\t\t\t\t\n\t\t\t\t\n\t\t\t\t<div class=\"et_pb_module_inner\">\n\t\t\t\t\t<div class=\"dsm_lottie_wrapper\" data-percent-viewport=\"\" data-params={&quot;path&quot;:&quot;&quot;,&quot;loop&quot;:true,&quot;loop_no&quot;:&quot;&quot;,&quot;delay&quot;:&quot;0ms&quot;,&quot;direction&quot;:&quot;1&quot;,&quot;speed&quot;:&quot;1&quot;,&quot;hover&quot;:false,&quot;trigger&quot;:&quot;on_hover&quot;,&quot;scroll&quot;:&quot;on_hover&quot;,&quot;mouseout&quot;:&quot;no_action&quot;,&quot;viewport&quot;:&quot;80%&quot;}>\n\t\t\t<\/div>\n\t\t\t\t<\/div>\n\t\t\t<\/div>1. Mentions l\u00e9gales GIS \u2013 Advisers SARue du G\u00e9n\u00e9ral-Dufour 111204 Gen\u00e8ve T\u00e9l. +41 22 552 25 65 Registre du commerce : CH-660.1.625.003-6IDE\/TVA : CHE-110.181.702 2. H\u00e9bergement Le site internet est h\u00e9berg\u00e9 par la soci\u00e9t\u00e9 : [&hellip;]<\/p>\n","protected":false},"author":1,"featured_media":0,"parent":0,"menu_order":0,"comment_status":"closed","ping_status":"closed","template":"","meta":{"_et_pb_use_builder":"on","_et_pb_old_content":"","_et_gb_content_width":"","inline_featured_image":false,"footnotes":""},"class_list":["post-29375","page","type-page","status-publish","hentry"],"yoast_head":"<!-- This site is optimized with the Yoast SEO plugin v26.0 - https:\/\/yoast.com\/wordpress\/plugins\/seo\/ -->\n<title>Politique de confidentialit\u00e9 - GIS - Advisers SA<\/title>\n<meta name=\"robots\" content=\"index, follow, max-snippet:-1, max-image-preview:large, max-video-preview:-1\" \/>\n<link rel=\"canonical\" href=\"https:\/\/gis-advisers.com\/it\/politique-de-confidentialite\/\" \/>\n<meta property=\"og:locale\" content=\"it_IT\" \/>\n<meta property=\"og:type\" content=\"article\" \/>\n<meta property=\"og:title\" content=\"Politique de confidentialit\u00e9 - GIS - Advisers SA\" \/>\n<meta property=\"og:description\" content=\"1. Mentions l\u00e9gales GIS \u2013 Advisers SARue du G\u00e9n\u00e9ral-Dufour 111204 Gen\u00e8ve T\u00e9l. +41 22 552 25 65 Registre du commerce : CH-660.1.625.003-6IDE\/TVA : CHE-110.181.702 2. H\u00e9bergement Le site internet est h\u00e9berg\u00e9 par la soci\u00e9t\u00e9 : [&hellip;]\" \/>\n<meta property=\"og:url\" content=\"https:\/\/gis-advisers.com\/it\/politique-de-confidentialite\/\" \/>\n<meta property=\"og:site_name\" content=\"GIS - Advisers SA\" \/>\n<meta property=\"article:modified_time\" content=\"2022-09-30T21:30:47+00:00\" \/>\n<meta name=\"twitter:card\" content=\"summary_large_image\" \/>\n<meta name=\"twitter:label1\" content=\"Tempo di lettura stimato\" \/>\n\t<meta name=\"twitter:data1\" content=\"5 minuti\" \/>\n<script type=\"application\/ld+json\" class=\"yoast-schema-graph\">{\"@context\":\"https:\/\/schema.org\",\"@graph\":[{\"@type\":\"WebPage\",\"@id\":\"https:\/\/gis-advisers.com\/it\/politique-de-confidentialite\/\",\"url\":\"https:\/\/gis-advisers.com\/it\/politique-de-confidentialite\/\",\"name\":\"Politique de confidentialit\u00e9 - GIS - Advisers SA\",\"isPartOf\":{\"@id\":\"https:\/\/gis-advisers.com\/it\/#website\"},\"datePublished\":\"2021-12-23T05:00:59+00:00\",\"dateModified\":\"2022-09-30T21:30:47+00:00\",\"breadcrumb\":{\"@id\":\"https:\/\/gis-advisers.com\/it\/politique-de-confidentialite\/#breadcrumb\"},\"inLanguage\":\"it-IT\",\"potentialAction\":[{\"@type\":\"ReadAction\",\"target\":[\"https:\/\/gis-advisers.com\/it\/politique-de-confidentialite\/\"]}]},{\"@type\":\"BreadcrumbList\",\"@id\":\"https:\/\/gis-advisers.com\/it\/politique-de-confidentialite\/#breadcrumb\",\"itemListElement\":[{\"@type\":\"ListItem\",\"position\":1,\"name\":\"Accueil\",\"item\":\"https:\/\/gis-advisers.com\/it\/\"},{\"@type\":\"ListItem\",\"position\":2,\"name\":\"Politique de confidentialit\u00e9\"}]},{\"@type\":\"WebSite\",\"@id\":\"https:\/\/gis-advisers.com\/it\/#website\",\"url\":\"https:\/\/gis-advisers.com\/it\/\",\"name\":\"GIS - Advisers SA\",\"description\":\"\",\"publisher\":{\"@id\":\"https:\/\/gis-advisers.com\/it\/#organization\"},\"potentialAction\":[{\"@type\":\"SearchAction\",\"target\":{\"@type\":\"EntryPoint\",\"urlTemplate\":\"https:\/\/gis-advisers.com\/it\/?s={search_term_string}\"},\"query-input\":{\"@type\":\"PropertyValueSpecification\",\"valueRequired\":true,\"valueName\":\"search_term_string\"}}],\"inLanguage\":\"it-IT\"},{\"@type\":\"Organization\",\"@id\":\"https:\/\/gis-advisers.com\/it\/#organization\",\"name\":\"GIS - Advisers SA\",\"url\":\"https:\/\/gis-advisers.com\/it\/\",\"logo\":{\"@type\":\"ImageObject\",\"inLanguage\":\"it-IT\",\"@id\":\"https:\/\/gis-advisers.com\/it\/#\/schema\/logo\/image\/\",\"url\":\"https:\/\/gis-advisers.com\/wp-content\/uploads\/2021\/04\/gis_01.jpg\",\"contentUrl\":\"https:\/\/gis-advisers.com\/wp-content\/uploads\/2021\/04\/gis_01.jpg\",\"width\":242,\"height\":57,\"caption\":\"GIS - Advisers SA\"},\"image\":{\"@id\":\"https:\/\/gis-advisers.com\/it\/#\/schema\/logo\/image\/\"}}]}<\/script>\n<!-- \/ Yoast SEO plugin. -->","yoast_head_json":{"title":"Politique de confidentialit\u00e9 - GIS - Advisers SA","robots":{"index":"index","follow":"follow","max-snippet":"max-snippet:-1","max-image-preview":"max-image-preview:large","max-video-preview":"max-video-preview:-1"},"canonical":"https:\/\/gis-advisers.com\/it\/politique-de-confidentialite\/","og_locale":"it_IT","og_type":"article","og_title":"Politique de confidentialit\u00e9 - GIS - Advisers SA","og_description":"1. Mentions l\u00e9gales GIS \u2013 Advisers SARue du G\u00e9n\u00e9ral-Dufour 111204 Gen\u00e8ve T\u00e9l. +41 22 552 25 65 Registre du commerce : CH-660.1.625.003-6IDE\/TVA : CHE-110.181.702 2. H\u00e9bergement Le site internet est h\u00e9berg\u00e9 par la soci\u00e9t\u00e9 : [&hellip;]","og_url":"https:\/\/gis-advisers.com\/it\/politique-de-confidentialite\/","og_site_name":"GIS - Advisers SA","article_modified_time":"2022-09-30T21:30:47+00:00","twitter_card":"summary_large_image","twitter_misc":{"Tempo di lettura stimato":"5 minuti"},"schema":{"@context":"https:\/\/schema.org","@graph":[{"@type":"WebPage","@id":"https:\/\/gis-advisers.com\/it\/politique-de-confidentialite\/","url":"https:\/\/gis-advisers.com\/it\/politique-de-confidentialite\/","name":"Politique de confidentialit\u00e9 - GIS - Advisers SA","isPartOf":{"@id":"https:\/\/gis-advisers.com\/it\/#website"},"datePublished":"2021-12-23T05:00:59+00:00","dateModified":"2022-09-30T21:30:47+00:00","breadcrumb":{"@id":"https:\/\/gis-advisers.com\/it\/politique-de-confidentialite\/#breadcrumb"},"inLanguage":"it-IT","potentialAction":[{"@type":"ReadAction","target":["https:\/\/gis-advisers.com\/it\/politique-de-confidentialite\/"]}]},{"@type":"BreadcrumbList","@id":"https:\/\/gis-advisers.com\/it\/politique-de-confidentialite\/#breadcrumb","itemListElement":[{"@type":"ListItem","position":1,"name":"Accueil","item":"https:\/\/gis-advisers.com\/it\/"},{"@type":"ListItem","position":2,"name":"Politique de confidentialit\u00e9"}]},{"@type":"WebSite","@id":"https:\/\/gis-advisers.com\/it\/#website","url":"https:\/\/gis-advisers.com\/it\/","name":"GIS - Advisers SA","description":"","publisher":{"@id":"https:\/\/gis-advisers.com\/it\/#organization"},"potentialAction":[{"@type":"SearchAction","target":{"@type":"EntryPoint","urlTemplate":"https:\/\/gis-advisers.com\/it\/?s={search_term_string}"},"query-input":{"@type":"PropertyValueSpecification","valueRequired":true,"valueName":"search_term_string"}}],"inLanguage":"it-IT"},{"@type":"Organization","@id":"https:\/\/gis-advisers.com\/it\/#organization","name":"GIS - Advisers SA","url":"https:\/\/gis-advisers.com\/it\/","logo":{"@type":"ImageObject","inLanguage":"it-IT","@id":"https:\/\/gis-advisers.com\/it\/#\/schema\/logo\/image\/","url":"https:\/\/gis-advisers.com\/wp-content\/uploads\/2021\/04\/gis_01.jpg","contentUrl":"https:\/\/gis-advisers.com\/wp-content\/uploads\/2021\/04\/gis_01.jpg","width":242,"height":57,"caption":"GIS - Advisers SA"},"image":{"@id":"https:\/\/gis-advisers.com\/it\/#\/schema\/logo\/image\/"}}]}},"_links":{"self":[{"href":"https:\/\/gis-advisers.com\/it\/wp-json\/wp\/v2\/pages\/29375","targetHints":{"allow":["GET"]}}],"collection":[{"href":"https:\/\/gis-advisers.com\/it\/wp-json\/wp\/v2\/pages"}],"about":[{"href":"https:\/\/gis-advisers.com\/it\/wp-json\/wp\/v2\/types\/page"}],"author":[{"embeddable":true,"href":"https:\/\/gis-advisers.com\/it\/wp-json\/wp\/v2\/users\/1"}],"replies":[{"embeddable":true,"href":"https:\/\/gis-advisers.com\/it\/wp-json\/wp\/v2\/comments?post=29375"}],"version-history":[{"count":12,"href":"https:\/\/gis-advisers.com\/it\/wp-json\/wp\/v2\/pages\/29375\/revisions"}],"predecessor-version":[{"id":29714,"href":"https:\/\/gis-advisers.com\/it\/wp-json\/wp\/v2\/pages\/29375\/revisions\/29714"}],"wp:attachment":[{"href":"https:\/\/gis-advisers.com\/it\/wp-json\/wp\/v2\/media?parent=29375"}],"curies":[{"name":"wp","href":"https:\/\/api.w.org\/{rel}","templated":true}]}}