{"id":29215,"date":"2021-04-27T08:26:11","date_gmt":"2021-04-27T06:26:11","guid":{"rendered":"https:\/\/gis-advisers.com\/servizi\/"},"modified":"2023-02-16T16:10:48","modified_gmt":"2023-02-16T15:10:48","slug":"servizi","status":"publish","type":"page","link":"https:\/\/gis-advisers.com\/it\/servizi\/","title":{"rendered":"Servizi"},"content":{"rendered":"<p>[et_pb_section fb_built=&#8221;1&#8243; custom_padding_last_edited=&#8221;on|phone&#8221; next_background_color=&#8221;#ffffff&#8221; _builder_version=&#8221;4.18.0&#8243; _module_preset=&#8221;default&#8221; use_background_color_gradient=&#8221;on&#8221; background_color_gradient_stops=&#8221;rgba(5,5,5,0.35) 0%|rgba(5,5,5,0.35) 100%&#8221; background_color_gradient_overlays_image=&#8221;on&#8221; background_color_gradient_start=&#8221;rgba(0,62,145,0.55)&#8221; background_color_gradient_end=&#8221;rgba(0,34,79,0.8)&#8221; background_image=&#8221;https:\/\/gis-advisers.com\/wp-content\/uploads\/2021\/04\/AdobeStock_87178432-scaled.jpg&#8221; custom_margin=&#8221;0px||0px||false|false&#8221; custom_padding=&#8221;100px|40px|160px|40px|false|true&#8221; custom_padding_tablet=&#8221;|20px|140px|20px|false|true&#8221; custom_padding_phone=&#8221;100px||130px||false|false&#8221; bottom_divider_style=&#8221;arrow3&#8243; bottom_divider_height_tablet=&#8221;60px&#8221; bottom_divider_height_phone=&#8221;40px&#8221; bottom_divider_height_last_edited=&#8221;on|desktop&#8221; global_colors_info=&#8221;{}&#8221;][et_pb_row _builder_version=&#8221;4.16&#8243; _module_preset=&#8221;default&#8221; max_width=&#8221;650px&#8221; module_alignment=&#8221;center&#8221; custom_margin=&#8221;0px||0px||false|false&#8221; custom_padding=&#8221;0px||0px||false|false&#8221; global_colors_info=&#8221;{}&#8221;][et_pb_column type=&#8221;4_4&#8243; _builder_version=&#8221;4.16&#8243; _module_preset=&#8221;default&#8221; global_colors_info=&#8221;{}&#8221;][dsm_text_divider header=&#8221; I servizi&#8221; color=&#8221;#FFFFFF&#8221; divider_weight=&#8221;3px&#8221; _builder_version=&#8221;4.18.0&#8243; _module_preset=&#8221;default&#8221; header_level=&#8221;h1&#8243; header_text_align=&#8221;center&#8221; header_text_color=&#8221;#FFFFFF&#8221; header_font_size=&#8221;48px&#8221; custom_margin=&#8221;0px||20px||false|false&#8221; custom_padding=&#8221;0px||0px||false|false&#8221; header_font_size_tablet=&#8221;44px&#8221; header_font_size_phone=&#8221;40px&#8221; header_font_size_last_edited=&#8221;on|phone&#8221; global_colors_info=&#8221;{}&#8221;][\/dsm_text_divider][et_pb_text _builder_version=&#8221;4.16&#8243; _module_preset=&#8221;default&#8221; text_text_color=&#8221;#FFFFFF&#8221; text_orientation=&#8221;center&#8221; custom_margin=&#8221;0px||0px||false|false&#8221; custom_padding=&#8221;0px||0px||false|false&#8221; text_font_size_tablet=&#8221;17px&#8221; text_font_size_phone=&#8221;16px&#8221; text_font_size_last_edited=&#8221;on|phone&#8221; global_colors_info=&#8221;{}&#8221;]<\/p>\n<p>Gestire efficacemente i Vostri investimenti nell&#8217;ambiente, sempre pi\u00f9 difficile, dei mercati finanziari internazionali richiede tempo ed implica consigli regolari ed affidabili.<\/p>\n<p>[\/et_pb_text][dsm_lottie _builder_version=&#8221;4.16&#8243; _module_preset=&#8221;default&#8221; global_colors_info=&#8221;{}&#8221;][\/dsm_lottie][\/et_pb_column][\/et_pb_row][\/et_pb_section][et_pb_section fb_built=&#8221;1&#8243; custom_padding_last_edited=&#8221;on|phone&#8221; _builder_version=&#8221;4.16&#8243; _module_preset=&#8221;default&#8221; custom_padding=&#8221;55px|40px|35px|40px|false|true&#8221; custom_padding_tablet=&#8221;|20px||20px|false|true&#8221; custom_padding_phone=&#8221;&#8221; global_colors_info=&#8221;{}&#8221;][et_pb_row column_structure=&#8221;1_2,1_2&#8243; _builder_version=&#8221;4.16&#8243; _module_preset=&#8221;default&#8221; custom_margin=&#8221;0px||0px||false|false&#8221; custom_padding=&#8221;0px||0px||false|false&#8221; global_colors_info=&#8221;{}&#8221;][et_pb_column type=&#8221;1_2&#8243; _builder_version=&#8221;4.16&#8243; _module_preset=&#8221;default&#8221; global_colors_info=&#8221;{}&#8221;][et_pb_text _builder_version=&#8221;4.16&#8243; _module_preset=&#8221;default&#8221; header_2_font_size=&#8221;48px&#8221; custom_margin=&#8221;0px||10px||false|false&#8221; custom_padding=&#8221;0px||0px||false|false&#8221; global_colors_info=&#8221;{}&#8221;]<\/p>\n<h2>Il nostro ruolo<\/h2>\n<p>[\/et_pb_text][et_pb_text _builder_version=&#8221;4.16&#8243; _module_preset=&#8221;default&#8221; header_2_font_size=&#8221;48px&#8221; custom_margin=&#8221;0px||0px||false|false&#8221; custom_padding=&#8221;0px||0px||false|false&#8221; global_colors_info=&#8221;{}&#8221;]<\/p>\n<p>Il ruolo di <strong>GIS-Advisers<\/strong> \u00e8 di consigliarVi nell&#8217;elaborazione del portafoglio pi\u00f9 adeguato ai vostri desideri ed alle vostre necessit\u00e0, quindi di garantire un\u2019assistenza continua. Di conseguenza, <strong>GIS-Advisers<\/strong> utilizza i servizi dei maggiori Gestori internazionali. Un consiglio personalizzato, adeguato alla vostra strategia. Una vera strategia di gestione di portafoglio consiste nel :<\/p>\n<p>[\/et_pb_text][et_pb_button button_url=&#8221;@ET-DC@eyJkeW5hbWljIjp0cnVlLCJjb250ZW50IjoicG9zdF9saW5rX3VybF9wYWdlIiwic2V0dGluZ3MiOnsicG9zdF9pZCI6IjI4ODczIn19@&#8221; button_text=&#8221;Altre informazioni ?&#8221; button_alignment=&#8221;left&#8221; _builder_version=&#8221;4.16&#8243; _dynamic_attributes=&#8221;button_url&#8221; _module_preset=&#8221;default&#8221; custom_margin=&#8221;35px||0px||false|false&#8221; global_colors_info=&#8221;{}&#8221;][\/et_pb_button][\/et_pb_column][et_pb_column type=&#8221;1_2&#8243; _builder_version=&#8221;4.16&#8243; _module_preset=&#8221;default&#8221; custom_padding=&#8221;65px||||false|false&#8221; global_colors_info=&#8221;{}&#8221;][et_pb_blurb title=&#8221;Definire chiaramente gli obiettivi&#8221; use_icon=&#8221;on&#8221; font_icon=&#8221;&#x52;||divi||400&#8243; icon_color=&#8221;#A91917&#8243; icon_placement=&#8221;left&#8221; image_icon_width=&#8221;27px&#8221; _builder_version=&#8221;4.18.0&#8243; _module_preset=&#8221;default&#8221; header_font=&#8221;Source Sans Pro|600|||||||&#8221; header_font_size=&#8221;21px&#8221; header_line_height=&#8221;1.3em&#8221; custom_margin=&#8221;0px||15px||false|false&#8221; custom_padding=&#8221;0px||0px||false|false&#8221; header_font_size_tablet=&#8221;&#8221; header_font_size_phone=&#8221;&#8221; header_font_size_last_edited=&#8221;on|desktop&#8221; icon_font_size=&#8221;27px&#8221; global_colors_info=&#8221;{}&#8221;][\/et_pb_blurb][et_pb_blurb title=&#8221;Decidere i mezzi necessari per raggiungerli&#8221; use_icon=&#8221;on&#8221; font_icon=&#8221;&#x52;||divi||400&#8243; icon_color=&#8221;#A91917&#8243; icon_placement=&#8221;left&#8221; image_icon_width=&#8221;27px&#8221; _builder_version=&#8221;4.18.0&#8243; _module_preset=&#8221;default&#8221; header_font=&#8221;Source Sans Pro|600|||||||&#8221; header_font_size=&#8221;21px&#8221; header_line_height=&#8221;1.3em&#8221; custom_margin=&#8221;0px||15px||false|false&#8221; custom_padding=&#8221;0px||0px||false|false&#8221; header_font_size_tablet=&#8221;&#8221; header_font_size_phone=&#8221;&#8221; header_font_size_last_edited=&#8221;on|desktop&#8221; icon_font_size=&#8221;27px&#8221; global_colors_info=&#8221;{}&#8221;][\/et_pb_blurb][et_pb_blurb title=&#8221;Valutare regolarmente la situazione rispetto agli obiettivi&#8221; use_icon=&#8221;on&#8221; font_icon=&#8221;&#x52;||divi||400&#8243; icon_color=&#8221;#A91917&#8243; icon_placement=&#8221;left&#8221; image_icon_width=&#8221;27px&#8221; _builder_version=&#8221;4.18.0&#8243; _module_preset=&#8221;default&#8221; header_font=&#8221;Source Sans Pro|600|||||||&#8221; header_font_size=&#8221;21px&#8221; header_line_height=&#8221;1.3em&#8221; custom_margin=&#8221;0px||15px||false|false&#8221; custom_padding=&#8221;0px||0px||false|false&#8221; header_font_size_tablet=&#8221;&#8221; header_font_size_phone=&#8221;&#8221; header_font_size_last_edited=&#8221;on|desktop&#8221; icon_font_size=&#8221;27px&#8221; global_colors_info=&#8221;{}&#8221;][\/et_pb_blurb][et_pb_blurb title=&#8221;Reagire in funzione delle discordanze constatate&#8221; use_icon=&#8221;on&#8221; font_icon=&#8221;&#x52;||divi||400&#8243; icon_color=&#8221;#A91917&#8243; icon_placement=&#8221;left&#8221; image_icon_width=&#8221;27px&#8221; _builder_version=&#8221;4.18.0&#8243; _module_preset=&#8221;default&#8221; header_font=&#8221;Source Sans Pro|600|||||||&#8221; header_font_size=&#8221;21px&#8221; header_line_height=&#8221;1.3em&#8221; custom_margin=&#8221;0px||15px||false|false&#8221; custom_padding=&#8221;0px||0px||false|false&#8221; header_font_size_tablet=&#8221;&#8221; header_font_size_phone=&#8221;&#8221; header_font_size_last_edited=&#8221;on|desktop&#8221; icon_font_size=&#8221;27px&#8221; global_colors_info=&#8221;{}&#8221;][\/et_pb_blurb][\/et_pb_column][\/et_pb_row][\/et_pb_section][et_pb_section fb_built=&#8221;1&#8243; custom_padding_last_edited=&#8221;on|phone&#8221; prev_background_color=&#8221;#ffffff&#8221; next_background_color=&#8221;#ffffff&#8221; _builder_version=&#8221;4.18.0&#8243; _module_preset=&#8221;default&#8221; use_background_color_gradient=&#8221;on&#8221; background_color_gradient_stops=&#8221;rgba(5,5,5,0.35) 0%|rgba(5,5,5,0.35) 100%&#8221; background_color_gradient_overlays_image=&#8221;on&#8221; background_color_gradient_start=&#8221;rgba(0,62,145,0.55)&#8221; background_color_gradient_end=&#8221;rgba(0,34,79,0.8)&#8221; background_image=&#8221;https:\/\/gis-advisers.com\/wp-content\/uploads\/2021\/04\/geneva-2-scaled.jpg&#8221; custom_margin=&#8221;0px||0px||false|false&#8221; custom_padding=&#8221;200px||200px||true|false&#8221; custom_padding_tablet=&#8221;||140px||false|false&#8221; custom_padding_phone=&#8221;100px||130px||false|false&#8221; top_divider_style=&#8221;arrow2&#8243; bottom_divider_style=&#8221;arrow2&#8243; bottom_divider_height_tablet=&#8221;60px&#8221; bottom_divider_height_phone=&#8221;40px&#8221; bottom_divider_height_last_edited=&#8221;on|desktop&#8221; global_colors_info=&#8221;{}&#8221;][\/et_pb_section][et_pb_section fb_built=&#8221;1&#8243; custom_padding_last_edited=&#8221;on|phone&#8221; _builder_version=&#8221;4.16&#8243; _module_preset=&#8221;default&#8221; custom_padding=&#8221;80px|40px|70px|40px|false|true&#8221; custom_padding_tablet=&#8221;|20px||20px|false|true&#8221; custom_padding_phone=&#8221;&#8221; global_colors_info=&#8221;{}&#8221;][et_pb_row column_structure=&#8221;1_2,1_2&#8243; _builder_version=&#8221;4.16&#8243; _module_preset=&#8221;default&#8221; custom_margin=&#8221;0px||0px||false|false&#8221; custom_padding=&#8221;0px||0px||false|false&#8221; global_colors_info=&#8221;{}&#8221;][et_pb_column type=&#8221;1_2&#8243; _builder_version=&#8221;4.16&#8243; _module_preset=&#8221;default&#8221; global_colors_info=&#8221;{}&#8221;][et_pb_text _builder_version=&#8221;4.16&#8243; _module_preset=&#8221;default&#8221; header_2_font_size=&#8221;48px&#8221; custom_margin=&#8221;0px||10px||false|false&#8221; custom_padding=&#8221;0px||0px||false|false&#8221; global_colors_info=&#8221;{}&#8221;]<\/p>\n<h2>Ascoltandoti<\/h2>\n<p>[\/et_pb_text][et_pb_text _builder_version=&#8221;4.16&#8243; _module_preset=&#8221;default&#8221; header_2_font_size=&#8221;48px&#8221; custom_margin=&#8221;0px||0px||false|false&#8221; custom_padding=&#8221;0px||0px||false|false&#8221; global_colors_info=&#8221;{}&#8221;]<\/p>\n<p>I desideri e le necessit\u00e0 differiscono considerevolmente da un investitore ad un altro. Non esiste dunque una strategia universale che possa rispondere alle aspirazioni di tutti. \u00c8 al contrario molto importante definire una strategia personalizzata\u00a0 non soltanto per\u00a0 raggiungere obiettivi specifici ma raggiungerli anche alle migliori condizioni tenendo conto delle esigenze di ogni investitore.<\/p>\n<p>[\/et_pb_text][\/et_pb_column][et_pb_column type=&#8221;1_2&#8243; _builder_version=&#8221;4.16&#8243; _module_preset=&#8221;default&#8221; custom_padding=&#8221;65px||||false|false&#8221; global_colors_info=&#8221;{}&#8221;][et_pb_blurb title=&#8221;Costituzione di capitale (pensione, studi dei figli, progetti personali o professionali)&#8221; use_icon=&#8221;on&#8221; font_icon=&#8221;&#x52;||divi||400&#8243; icon_color=&#8221;#A91917&#8243; icon_placement=&#8221;left&#8221; image_icon_width=&#8221;27px&#8221; _builder_version=&#8221;4.18.0&#8243; _module_preset=&#8221;default&#8221; header_font=&#8221;Source Sans Pro|600|||||||&#8221; header_font_size=&#8221;21px&#8221; header_line_height=&#8221;1.3em&#8221; custom_margin=&#8221;0px||15px||false|false&#8221; custom_padding=&#8221;0px||0px||false|false&#8221; header_font_size_tablet=&#8221;&#8221; header_font_size_phone=&#8221;&#8221; header_font_size_last_edited=&#8221;on|desktop&#8221; icon_font_size=&#8221;27px&#8221; global_colors_info=&#8221;{}&#8221;][\/et_pb_blurb][et_pb_blurb title=&#8221;Consigli nella gestione di patrimoni&#8221; use_icon=&#8221;on&#8221; font_icon=&#8221;&#x52;||divi||400&#8243; icon_color=&#8221;#A91917&#8243; icon_placement=&#8221;left&#8221; image_icon_width=&#8221;27px&#8221; _builder_version=&#8221;4.18.0&#8243; _module_preset=&#8221;default&#8221; header_font=&#8221;Source Sans Pro|600|||||||&#8221; header_font_size=&#8221;21px&#8221; header_line_height=&#8221;1.3em&#8221; custom_margin=&#8221;0px||15px||false|false&#8221; custom_padding=&#8221;0px||0px||false|false&#8221; header_font_size_tablet=&#8221;&#8221; header_font_size_phone=&#8221;&#8221; header_font_size_last_edited=&#8221;on|desktop&#8221; icon_font_size=&#8221;27px&#8221; global_colors_info=&#8221;{}&#8221;][\/et_pb_blurb][\/et_pb_column][\/et_pb_row][\/et_pb_section]<\/p>\n","protected":false},"excerpt":{"rendered":"<p><div class=\"et_pb_module dsm_text_divider dsm_text_divider_0\">\n\t\t\t\t\n\t\t\t\t\n\t\t\t\t\n\t\t\t\t\n\t\t\t\t\n\t\t\t\t\n\t\t\t\t<div class=\"et_pb_module_inner\">\n\t\t\t\t\t<div class=\"dsm-text-divider-wrapper dsm-text-divider-align-center et_pb_bg_layout_light\">\n\t\t\t\t\n\t\t\t\t\n\t\t\t\t<div class=\"dsm-text-divider-before dsm-divider\"><\/div>\n\t\t\t\t<h1 class=\"dsm-text-divider-header et_pb_module_header\"><span> I servizi<\/span><\/h1>\n\t\t\t\t<div class=\"dsm-text-divider-after dsm-divider\"><\/div>\n\t\t\t<\/div>\n\t\t\t\t<\/div>\n\t\t\t<\/div>Gestire efficacemente i Vostri investimenti nell&#8217;ambiente, sempre pi\u00f9 difficile, dei mercati finanziari internazionali richiede tempo ed implica consigli regolari ed affidabili.<div class=\"et_pb_module dsm_lottie dsm_lottie_0\">\n\t\t\t\t\n\t\t\t\t\n\t\t\t\t\n\t\t\t\t\n\t\t\t\t\n\t\t\t\t\n\t\t\t\t<div class=\"et_pb_module_inner\">\n\t\t\t\t\t<div class=\"dsm_lottie_wrapper\" data-percent-viewport=\"\" data-params={&quot;path&quot;:&quot;&quot;,&quot;loop&quot;:true,&quot;loop_no&quot;:&quot;&quot;,&quot;delay&quot;:&quot;0ms&quot;,&quot;direction&quot;:&quot;1&quot;,&quot;speed&quot;:&quot;1&quot;,&quot;hover&quot;:false,&quot;trigger&quot;:&quot;on_hover&quot;,&quot;scroll&quot;:&quot;on_hover&quot;,&quot;mouseout&quot;:&quot;no_action&quot;,&quot;viewport&quot;:&quot;80%&quot;}>\n\t\t\t<\/div>\n\t\t\t\t<\/div>\n\t\t\t<\/div>Il nostro ruoloIl ruolo di GIS-Advisers \u00e8 di consigliarVi nell&#8217;elaborazione del portafoglio pi\u00f9 adeguato ai [&hellip;]<\/p>\n","protected":false},"author":1,"featured_media":0,"parent":0,"menu_order":0,"comment_status":"closed","ping_status":"closed","template":"","meta":{"_et_pb_use_builder":"on","_et_pb_old_content":"","_et_gb_content_width":"","inline_featured_image":false,"footnotes":""},"class_list":["post-29215","page","type-page","status-publish","hentry"],"yoast_head":"<!-- This site is optimized with the Yoast SEO plugin v26.0 - https:\/\/yoast.com\/wordpress\/plugins\/seo\/ -->\n<title>Servizi - GIS - Advisers SA<\/title>\n<meta name=\"robots\" content=\"index, follow, max-snippet:-1, max-image-preview:large, max-video-preview:-1\" \/>\n<link rel=\"canonical\" href=\"https:\/\/gis-advisers.com\/it\/servizi\/\" \/>\n<meta property=\"og:locale\" content=\"it_IT\" \/>\n<meta property=\"og:type\" content=\"article\" \/>\n<meta property=\"og:title\" content=\"Servizi - GIS - Advisers SA\" \/>\n<meta property=\"og:description\" content=\"Gestire efficacemente i Vostri investimenti nell&#039;ambiente, sempre pi\u00f9 difficile, dei mercati finanziari internazionali richiede tempo ed implica consigli regolari ed affidabili.Il nostro ruoloIl ruolo di GIS-Advisers \u00e8 di consigliarVi nell&#039;elaborazione del portafoglio pi\u00f9 adeguato ai [&hellip;]\" \/>\n<meta property=\"og:url\" content=\"https:\/\/gis-advisers.com\/it\/servizi\/\" \/>\n<meta property=\"og:site_name\" content=\"GIS - Advisers SA\" \/>\n<meta property=\"article:modified_time\" content=\"2023-02-16T15:10:48+00:00\" \/>\n<meta name=\"twitter:card\" content=\"summary_large_image\" \/>\n<meta name=\"twitter:label1\" content=\"Tempo di lettura stimato\" \/>\n\t<meta name=\"twitter:data1\" content=\"3 minuti\" \/>\n<script type=\"application\/ld+json\" class=\"yoast-schema-graph\">{\"@context\":\"https:\/\/schema.org\",\"@graph\":[{\"@type\":\"WebPage\",\"@id\":\"https:\/\/gis-advisers.com\/it\/servizi\/\",\"url\":\"https:\/\/gis-advisers.com\/it\/servizi\/\",\"name\":\"Servizi - GIS - Advisers SA\",\"isPartOf\":{\"@id\":\"https:\/\/gis-advisers.com\/it\/#website\"},\"datePublished\":\"2021-04-27T06:26:11+00:00\",\"dateModified\":\"2023-02-16T15:10:48+00:00\",\"breadcrumb\":{\"@id\":\"https:\/\/gis-advisers.com\/it\/servizi\/#breadcrumb\"},\"inLanguage\":\"it-IT\",\"potentialAction\":[{\"@type\":\"ReadAction\",\"target\":[\"https:\/\/gis-advisers.com\/it\/servizi\/\"]}]},{\"@type\":\"BreadcrumbList\",\"@id\":\"https:\/\/gis-advisers.com\/it\/servizi\/#breadcrumb\",\"itemListElement\":[{\"@type\":\"ListItem\",\"position\":1,\"name\":\"Accueil\",\"item\":\"https:\/\/gis-advisers.com\/it\/\"},{\"@type\":\"ListItem\",\"position\":2,\"name\":\"Servizi\"}]},{\"@type\":\"WebSite\",\"@id\":\"https:\/\/gis-advisers.com\/it\/#website\",\"url\":\"https:\/\/gis-advisers.com\/it\/\",\"name\":\"GIS - Advisers SA\",\"description\":\"\",\"publisher\":{\"@id\":\"https:\/\/gis-advisers.com\/it\/#organization\"},\"potentialAction\":[{\"@type\":\"SearchAction\",\"target\":{\"@type\":\"EntryPoint\",\"urlTemplate\":\"https:\/\/gis-advisers.com\/it\/?s={search_term_string}\"},\"query-input\":{\"@type\":\"PropertyValueSpecification\",\"valueRequired\":true,\"valueName\":\"search_term_string\"}}],\"inLanguage\":\"it-IT\"},{\"@type\":\"Organization\",\"@id\":\"https:\/\/gis-advisers.com\/it\/#organization\",\"name\":\"GIS - Advisers SA\",\"url\":\"https:\/\/gis-advisers.com\/it\/\",\"logo\":{\"@type\":\"ImageObject\",\"inLanguage\":\"it-IT\",\"@id\":\"https:\/\/gis-advisers.com\/it\/#\/schema\/logo\/image\/\",\"url\":\"https:\/\/gis-advisers.com\/wp-content\/uploads\/2021\/04\/gis_01.jpg\",\"contentUrl\":\"https:\/\/gis-advisers.com\/wp-content\/uploads\/2021\/04\/gis_01.jpg\",\"width\":242,\"height\":57,\"caption\":\"GIS - Advisers SA\"},\"image\":{\"@id\":\"https:\/\/gis-advisers.com\/it\/#\/schema\/logo\/image\/\"}}]}<\/script>\n<!-- \/ Yoast SEO plugin. -->","yoast_head_json":{"title":"Servizi - GIS - Advisers SA","robots":{"index":"index","follow":"follow","max-snippet":"max-snippet:-1","max-image-preview":"max-image-preview:large","max-video-preview":"max-video-preview:-1"},"canonical":"https:\/\/gis-advisers.com\/it\/servizi\/","og_locale":"it_IT","og_type":"article","og_title":"Servizi - GIS - Advisers SA","og_description":"Gestire efficacemente i Vostri investimenti nell'ambiente, sempre pi\u00f9 difficile, dei mercati finanziari internazionali richiede tempo ed implica consigli regolari ed affidabili.Il nostro ruoloIl ruolo di GIS-Advisers \u00e8 di consigliarVi nell'elaborazione del portafoglio pi\u00f9 adeguato ai [&hellip;]","og_url":"https:\/\/gis-advisers.com\/it\/servizi\/","og_site_name":"GIS - Advisers SA","article_modified_time":"2023-02-16T15:10:48+00:00","twitter_card":"summary_large_image","twitter_misc":{"Tempo di lettura stimato":"3 minuti"},"schema":{"@context":"https:\/\/schema.org","@graph":[{"@type":"WebPage","@id":"https:\/\/gis-advisers.com\/it\/servizi\/","url":"https:\/\/gis-advisers.com\/it\/servizi\/","name":"Servizi - GIS - Advisers SA","isPartOf":{"@id":"https:\/\/gis-advisers.com\/it\/#website"},"datePublished":"2021-04-27T06:26:11+00:00","dateModified":"2023-02-16T15:10:48+00:00","breadcrumb":{"@id":"https:\/\/gis-advisers.com\/it\/servizi\/#breadcrumb"},"inLanguage":"it-IT","potentialAction":[{"@type":"ReadAction","target":["https:\/\/gis-advisers.com\/it\/servizi\/"]}]},{"@type":"BreadcrumbList","@id":"https:\/\/gis-advisers.com\/it\/servizi\/#breadcrumb","itemListElement":[{"@type":"ListItem","position":1,"name":"Accueil","item":"https:\/\/gis-advisers.com\/it\/"},{"@type":"ListItem","position":2,"name":"Servizi"}]},{"@type":"WebSite","@id":"https:\/\/gis-advisers.com\/it\/#website","url":"https:\/\/gis-advisers.com\/it\/","name":"GIS - Advisers SA","description":"","publisher":{"@id":"https:\/\/gis-advisers.com\/it\/#organization"},"potentialAction":[{"@type":"SearchAction","target":{"@type":"EntryPoint","urlTemplate":"https:\/\/gis-advisers.com\/it\/?s={search_term_string}"},"query-input":{"@type":"PropertyValueSpecification","valueRequired":true,"valueName":"search_term_string"}}],"inLanguage":"it-IT"},{"@type":"Organization","@id":"https:\/\/gis-advisers.com\/it\/#organization","name":"GIS - Advisers SA","url":"https:\/\/gis-advisers.com\/it\/","logo":{"@type":"ImageObject","inLanguage":"it-IT","@id":"https:\/\/gis-advisers.com\/it\/#\/schema\/logo\/image\/","url":"https:\/\/gis-advisers.com\/wp-content\/uploads\/2021\/04\/gis_01.jpg","contentUrl":"https:\/\/gis-advisers.com\/wp-content\/uploads\/2021\/04\/gis_01.jpg","width":242,"height":57,"caption":"GIS - Advisers SA"},"image":{"@id":"https:\/\/gis-advisers.com\/it\/#\/schema\/logo\/image\/"}}]}},"_links":{"self":[{"href":"https:\/\/gis-advisers.com\/it\/wp-json\/wp\/v2\/pages\/29215","targetHints":{"allow":["GET"]}}],"collection":[{"href":"https:\/\/gis-advisers.com\/it\/wp-json\/wp\/v2\/pages"}],"about":[{"href":"https:\/\/gis-advisers.com\/it\/wp-json\/wp\/v2\/types\/page"}],"author":[{"embeddable":true,"href":"https:\/\/gis-advisers.com\/it\/wp-json\/wp\/v2\/users\/1"}],"replies":[{"embeddable":true,"href":"https:\/\/gis-advisers.com\/it\/wp-json\/wp\/v2\/comments?post=29215"}],"version-history":[{"count":11,"href":"https:\/\/gis-advisers.com\/it\/wp-json\/wp\/v2\/pages\/29215\/revisions"}],"predecessor-version":[{"id":29727,"href":"https:\/\/gis-advisers.com\/it\/wp-json\/wp\/v2\/pages\/29215\/revisions\/29727"}],"wp:attachment":[{"href":"https:\/\/gis-advisers.com\/it\/wp-json\/wp\/v2\/media?parent=29215"}],"curies":[{"name":"wp","href":"https:\/\/api.w.org\/{rel}","templated":true}]}}