{"id":29209,"date":"2021-04-27T08:19:52","date_gmt":"2021-04-27T06:19:52","guid":{"rendered":"https:\/\/gis-advisers.com\/societa\/"},"modified":"2025-12-04T16:51:43","modified_gmt":"2025-12-04T15:51:43","slug":"societa","status":"publish","type":"page","link":"https:\/\/gis-advisers.com\/it\/societa\/","title":{"rendered":"Societ\u00e0"},"content":{"rendered":"<p>[et_pb_section fb_built=&#8221;1&#8243; custom_padding_last_edited=&#8221;on|phone&#8221; next_background_color=&#8221;#ffffff&#8221; _builder_version=&#8221;4.18.0&#8243; _module_preset=&#8221;default&#8221; use_background_color_gradient=&#8221;on&#8221; background_color_gradient_stops=&#8221;rgba(5,5,5,0.35) 0%|rgba(5,5,5,0.35) 100%&#8221; background_color_gradient_overlays_image=&#8221;on&#8221; background_color_gradient_start=&#8221;rgba(0,62,145,0.55)&#8221; background_color_gradient_end=&#8221;rgba(0,34,79,0.8)&#8221; background_image=&#8221;https:\/\/gis-advisers.com\/wp-content\/uploads\/2021\/04\/geneva-2-scaled.jpg&#8221; custom_margin=&#8221;0px||0px||false|false&#8221; custom_padding=&#8221;100px|40px|160px|40px|false|true&#8221; custom_padding_tablet=&#8221;|20px|140px|20px|false|true&#8221; custom_padding_phone=&#8221;100px||130px||false|false&#8221; bottom_divider_style=&#8221;arrow3&#8243; bottom_divider_height_tablet=&#8221;60px&#8221; bottom_divider_height_phone=&#8221;40px&#8221; bottom_divider_height_last_edited=&#8221;on|desktop&#8221; global_colors_info=&#8221;{}&#8221;][et_pb_row _builder_version=&#8221;4.16&#8243; _module_preset=&#8221;default&#8221; max_width=&#8221;650px&#8221; module_alignment=&#8221;center&#8221; custom_margin=&#8221;0px||0px||false|false&#8221; custom_padding=&#8221;0px||0px||false|false&#8221; global_colors_info=&#8221;{}&#8221;][et_pb_column type=&#8221;4_4&#8243; _builder_version=&#8221;4.16&#8243; _module_preset=&#8221;default&#8221; global_colors_info=&#8221;{}&#8221;][dsm_text_divider header=&#8221; Il nostro desiderio&#8221; color=&#8221;#FFFFFF&#8221; divider_weight=&#8221;3px&#8221; _builder_version=&#8221;4.18.0&#8243; _module_preset=&#8221;default&#8221; header_level=&#8221;h1&#8243; header_text_align=&#8221;center&#8221; header_text_color=&#8221;#FFFFFF&#8221; header_font_size=&#8221;48px&#8221; custom_margin=&#8221;0px||20px||false|false&#8221; custom_padding=&#8221;0px||0px||false|false&#8221; header_font_size_tablet=&#8221;44px&#8221; header_font_size_phone=&#8221;40px&#8221; header_font_size_last_edited=&#8221;on|phone&#8221; global_colors_info=&#8221;{}&#8221;][\/dsm_text_divider][et_pb_text _builder_version=&#8221;4.16&#8243; _module_preset=&#8221;default&#8221; text_text_color=&#8221;#FFFFFF&#8221; text_orientation=&#8221;center&#8221; custom_margin=&#8221;0px||0px||false|false&#8221; custom_padding=&#8221;0px||0px||false|false&#8221; text_font_size_tablet=&#8221;17px&#8221; text_font_size_phone=&#8221;16px&#8221; text_font_size_last_edited=&#8221;on|phone&#8221; global_colors_info=&#8221;{}&#8221;]<\/p>\n<p>Diventare il Vostro consulente finanziario di riferimento per permetterVi di beneficiare della gestione del Vostro patrimonio finanziario pi\u00f9 adeguata alla Vostra situazione personale.<\/p>\n<p>[\/et_pb_text][dsm_lottie _builder_version=&#8221;4.16&#8243; _module_preset=&#8221;default&#8221; global_colors_info=&#8221;{}&#8221;][\/dsm_lottie][\/et_pb_column][\/et_pb_row][\/et_pb_section][et_pb_section fb_built=&#8221;1&#8243; custom_padding_last_edited=&#8221;on|phone&#8221; _builder_version=&#8221;4.16&#8243; _module_preset=&#8221;default&#8221; custom_padding=&#8221;55px|40px|35px|40px|false|true&#8221; custom_padding_tablet=&#8221;|20px||20px|false|true&#8221; custom_padding_phone=&#8221;&#8221; global_colors_info=&#8221;{}&#8221;][et_pb_row column_structure=&#8221;1_2,1_2&#8243; _builder_version=&#8221;4.16&#8243; _module_preset=&#8221;default&#8221; custom_margin=&#8221;0px||0px||false|false&#8221; custom_padding=&#8221;0px||0px||false|false&#8221; global_colors_info=&#8221;{}&#8221;][et_pb_column type=&#8221;1_2&#8243; _builder_version=&#8221;4.16&#8243; _module_preset=&#8221;default&#8221; global_colors_info=&#8221;{}&#8221;][et_pb_text _builder_version=&#8221;4.16&#8243; _module_preset=&#8221;default&#8221; header_2_font_size=&#8221;48px&#8221; custom_margin=&#8221;0px||10px||false|false&#8221; custom_padding=&#8221;0px||0px||false|false&#8221; global_colors_info=&#8221;{}&#8221;]<\/p>\n<h2>La societ\u00e0<\/h2>\n<p>[\/et_pb_text][et_pb_text _builder_version=&#8221;4.27.4&#8243; _module_preset=&#8221;default&#8221; header_2_font_size=&#8221;48px&#8221; custom_margin=&#8221;0px||0px||false|false&#8221; custom_padding=&#8221;0px||0px||false|false&#8221; global_colors_info=&#8221;{}&#8221;]<\/p>\n<p><strong>GIS-Advisers<\/strong> \u00e8 una societ\u00e0 di gestione patrimoniale (Private Wealth Management), autorizzata come gestore patrimoniale ai sensi della Legge sugli istituti finanziari (LIFin) e soggetta alla vigilanza prudenziale dell&#8217;AOOS \u2013 Societ\u00e0 anonima svizzera di vigilanza, membro dell&#8217;Associazione Svizzera dei Gestori Patrimoniali (<a href=\"https:\/\/www.vsv-asg.ch\/it\/\" target=\"_blank\" rel=\"noopener\">www.vsv-asg.ch<\/a>), nata in Svizzera dalla condivisione del know-how di diversi responsabili dei dipartimenti \u00abPrivate Banking\u00bb di grandi istituti finanziari internazionali, che si sono riuniti attorno a due principi fondamentali:<\/p>\n<ul>\n<li style=\"margin-top: 1em;\">Assoluta indipendenza da qualsiasi istituto finanziario, al fine di garantire la totale obiettivit\u00e0 della consulenza ai propri clienti. L&#8217;esperienza professionale passata di questi responsabili li ha troppo spesso confrontati con le limitazioni, gli obblighi, gli incentivi o i vincoli che questi istituti possono esercitare a scapito del miglior servizio potenziale.<\/li>\n<li style=\"margin-top: 1em;\">Un&#8217;offerta originale, basata sulla collaborazione dei migliori specialisti di tutto il mondo. Le strategie di gestione dei portafogli proposte da GIS-Advisers si articolano infatti in fasi successive, alle quali contribuiscono i migliori professionisti di ogni settore.<\/li>\n<\/ul>\n<p>[\/et_pb_text][\/et_pb_column][et_pb_column type=&#8221;1_2&#8243; _builder_version=&#8221;4.16&#8243; _module_preset=&#8221;default&#8221; custom_padding=&#8221;65px||||false|false&#8221; global_colors_info=&#8221;{}&#8221;][et_pb_blurb title=&#8221;AiutarVi ad analizzare con precisione la vostra situazione finanziaria e patrimoniale&#8221; use_icon=&#8221;on&#8221; font_icon=&#8221;&#x52;||divi||400&#8243; icon_color=&#8221;#A91917&#8243; icon_placement=&#8221;left&#8221; image_icon_width=&#8221;27px&#8221; _builder_version=&#8221;4.18.0&#8243; _module_preset=&#8221;default&#8221; header_font=&#8221;Source Sans Pro|600|||||||&#8221; header_font_size=&#8221;21px&#8221; header_line_height=&#8221;1.3em&#8221; custom_margin=&#8221;0px||15px||false|false&#8221; custom_padding=&#8221;0px||0px||false|false&#8221; header_font_size_tablet=&#8221;&#8221; header_font_size_phone=&#8221;&#8221; header_font_size_last_edited=&#8221;on|desktop&#8221; icon_font_size=&#8221;27px&#8221; global_colors_info=&#8221;{}&#8221;][\/et_pb_blurb][et_pb_blurb title=&#8221;PermetterVi di definire la strategia globale di gestione pi\u00f9 adeguata alla vostra situazione&#8221; use_icon=&#8221;on&#8221; font_icon=&#8221;&#x52;||divi||400&#8243; icon_color=&#8221;#A91917&#8243; icon_placement=&#8221;left&#8221; image_icon_width=&#8221;27px&#8221; _builder_version=&#8221;4.18.0&#8243; _module_preset=&#8221;default&#8221; header_font=&#8221;Source Sans Pro|600|||||||&#8221; header_font_size=&#8221;21px&#8221; header_line_height=&#8221;1.3em&#8221; custom_margin=&#8221;0px||15px||false|false&#8221; custom_padding=&#8221;0px||0px||false|false&#8221; header_font_size_tablet=&#8221;&#8221; header_font_size_phone=&#8221;&#8221; header_font_size_last_edited=&#8221;on|desktop&#8221; icon_font_size=&#8221;27px&#8221; global_colors_info=&#8221;{}&#8221;][\/et_pb_blurb][et_pb_blurb title=&#8221;ConsigliarVi nella messa in pratica di questa strategia presso gli istituti finanziari (banche, societ\u00e0 di assicurazioni, Gestori specializzati&#8230;)&#8221; use_icon=&#8221;on&#8221; font_icon=&#8221;&#x52;||divi||400&#8243; icon_color=&#8221;#A91917&#8243; icon_placement=&#8221;left&#8221; image_icon_width=&#8221;27px&#8221; _builder_version=&#8221;4.18.0&#8243; _module_preset=&#8221;default&#8221; header_font=&#8221;Source Sans Pro|600|||||||&#8221; header_font_size=&#8221;21px&#8221; header_line_height=&#8221;1.3em&#8221; custom_margin=&#8221;0px||15px||false|false&#8221; custom_padding=&#8221;0px||0px||false|false&#8221; header_font_size_tablet=&#8221;&#8221; header_font_size_phone=&#8221;&#8221; header_font_size_last_edited=&#8221;on|desktop&#8221; icon_font_size=&#8221;27px&#8221; global_colors_info=&#8221;{}&#8221;][\/et_pb_blurb][et_pb_blurb title=&#8221;Garantire un\u2019assistenza continua nell &#8216;applicazione di questa strategia&#8217;&#8221; use_icon=&#8221;on&#8221; font_icon=&#8221;&#x52;||divi||400&#8243; icon_color=&#8221;#A91917&#8243; icon_placement=&#8221;left&#8221; image_icon_width=&#8221;27px&#8221; _builder_version=&#8221;4.18.0&#8243; _module_preset=&#8221;default&#8221; header_font=&#8221;Source Sans Pro|600|||||||&#8221; header_font_size=&#8221;21px&#8221; header_line_height=&#8221;1.3em&#8221; custom_margin=&#8221;0px||15px||false|false&#8221; custom_padding=&#8221;0px||0px||false|false&#8221; header_font_size_tablet=&#8221;&#8221; header_font_size_phone=&#8221;&#8221; header_font_size_last_edited=&#8221;on|desktop&#8221; icon_font_size=&#8221;27px&#8221; global_colors_info=&#8221;{}&#8221;][\/et_pb_blurb][et_pb_button button_url=&#8221;@ET-DC@eyJkeW5hbWljIjp0cnVlLCJjb250ZW50IjoicG9zdF9saW5rX3VybF9wYWdlIiwic2V0dGluZ3MiOnsicG9zdF9pZCI6IjI4ODczIn19@&#8221; button_text=&#8221;Altre informazioni ?&#8221; button_alignment=&#8221;center&#8221; _builder_version=&#8221;4.16&#8243; _dynamic_attributes=&#8221;button_url&#8221; _module_preset=&#8221;default&#8221; custom_margin=&#8221;35px||0px||false|false&#8221; global_colors_info=&#8221;{}&#8221;][\/et_pb_button][\/et_pb_column][\/et_pb_row][\/et_pb_section][et_pb_section fb_built=&#8221;1&#8243; custom_padding_last_edited=&#8221;on|phone&#8221; prev_background_color=&#8221;#ffffff&#8221; next_background_color=&#8221;#ffffff&#8221; _builder_version=&#8221;4.18.0&#8243; _module_preset=&#8221;default&#8221; use_background_color_gradient=&#8221;on&#8221; background_color_gradient_stops=&#8221;rgba(5,5,5,0.35) 0%|rgba(5,5,5,0.35) 100%&#8221; background_color_gradient_overlays_image=&#8221;on&#8221; background_color_gradient_start=&#8221;rgba(0,62,145,0.55)&#8221; background_color_gradient_end=&#8221;rgba(0,34,79,0.8)&#8221; background_image=&#8221;https:\/\/gis-advisers.com\/wp-content\/uploads\/2021\/04\/geneve-3-scaled.jpg&#8221; custom_margin=&#8221;0px||0px||false|false&#8221; custom_padding=&#8221;200px||200px||true|false&#8221; custom_padding_tablet=&#8221;||140px||false|false&#8221; custom_padding_phone=&#8221;100px||130px||false|false&#8221; top_divider_style=&#8221;arrow2&#8243; bottom_divider_style=&#8221;arrow2&#8243; bottom_divider_height_tablet=&#8221;60px&#8221; bottom_divider_height_phone=&#8221;40px&#8221; bottom_divider_height_last_edited=&#8221;on|desktop&#8221; global_colors_info=&#8221;{}&#8221;][\/et_pb_section][et_pb_section fb_built=&#8221;1&#8243; custom_padding_last_edited=&#8221;on|phone&#8221; _builder_version=&#8221;4.16&#8243; _module_preset=&#8221;default&#8221; custom_padding=&#8221;90px|40px|100px|40px|false|true&#8221; custom_padding_tablet=&#8221;|20px||20px|false|true&#8221; custom_padding_phone=&#8221;&#8221; global_colors_info=&#8221;{}&#8221;][et_pb_row _builder_version=&#8221;4.16&#8243; _module_preset=&#8221;default&#8221; max_width=&#8221;650px&#8221; module_alignment=&#8221;center&#8221; custom_margin=&#8221;0px||0px||false|false&#8221; custom_padding=&#8221;0px||0px||false|false&#8221; global_colors_info=&#8221;{}&#8221;][et_pb_column type=&#8221;4_4&#8243; _builder_version=&#8221;4.16&#8243; _module_preset=&#8221;default&#8221; global_colors_info=&#8221;{}&#8221;][et_pb_text _builder_version=&#8221;4.16&#8243; _module_preset=&#8221;default&#8221; header_2_font_size=&#8221;48px&#8221; custom_margin=&#8221;0px||10px||false|false&#8221; custom_padding=&#8221;0px||0px||false|false&#8221; global_colors_info=&#8221;{}&#8221;]<\/p>\n<h2>La vostra sicurezza<\/h2>\n<p>[\/et_pb_text][et_pb_text _builder_version=&#8221;4.27.4&#8243; _module_preset=&#8221;default&#8221; header_2_font_size=&#8221;48px&#8221; custom_margin=&#8221;0px||0px||false|false&#8221; custom_padding=&#8221;0px||0px||false|false&#8221; hover_enabled=&#8221;0&#8243; global_colors_info=&#8221;{}&#8221; sticky_enabled=&#8221;0&#8243;]<\/p>\n<p><strong>GIS Advisers<\/strong> \u00e8 autorizzata come gestore patrimoniale ai sensi della Legge sugli istituti finanziari (LIFin) ed \u00e8 soggetta alla vigilanza prudenziale dell&#8217;AOOS \u2013 Societ\u00e0 anonima svizzera di vigilanza ed \u00e8 membro dell&#8217;Associazione Svizzera dei Gestori Patrimoniali (<a href=\"https:\/\/www.vsv-asg.ch\/it\/\" target=\"_blank\" rel=\"noopener\">www.vsv-asg.ch<\/a>).<\/p>\n<p>Ci\u00f2 implica:<\/p>\n<ul>\n<li>Che siamo soggetti a una revisione prudenziale annuale.<\/li>\n<li>Una totale trasparenza sulla nostra gestione.<\/li>\n<li>Il riconoscimento della nostra professionalit\u00e0.<\/li>\n<li>Il rigoroso rispetto della legge e dell&#8217;ordinanza sui servizi finanziari e dell&#8217;ordinanza (la LSFin e l&#8217;OSFin hanno sostituito e reso obsoleto il codice dell&#8217;ASG).<\/li>\n<\/ul>\n<p>Tutto ci\u00f2 al fine di soddisfare le esigenze di sicurezza dei nostri clienti. La gestione di un portafoglio personalizzato di questo tipo avviene sempre nell&#8217;ambito di un conto individuale aperto a nome di ciascun cliente presso le pi\u00f9 grandi banche mondiali, sul quale <strong>GIS-Advisers<\/strong> dispone solo di un potere di gestione limitato all&#8217;esecuzione degli ordini. Queste disposizioni, unite alla leggendaria discrezione svizzera, garantiscono la sicurezza assoluta dei beni dei clienti.<\/p>\n<p>[\/et_pb_text][et_pb_button button_url=&#8221;@ET-DC@eyJkeW5hbWljIjp0cnVlLCJjb250ZW50IjoicG9zdF9saW5rX3VybF9wYWdlIiwic2V0dGluZ3MiOnsicG9zdF9pZCI6IjI4ODczIn19@&#8221; button_text=&#8221;Contattateci&#8221; button_alignment=&#8221;left&#8221; _builder_version=&#8221;4.16&#8243; _dynamic_attributes=&#8221;button_url&#8221; _module_preset=&#8221;default&#8221; custom_margin=&#8221;35px||0px||false|false&#8221; global_colors_info=&#8221;{}&#8221;][\/et_pb_button][\/et_pb_column][\/et_pb_row][\/et_pb_section]<\/p>\n","protected":false},"excerpt":{"rendered":"<p><div class=\"et_pb_module dsm_text_divider dsm_text_divider_0\">\n\t\t\t\t\n\t\t\t\t\n\t\t\t\t\n\t\t\t\t\n\t\t\t\t\n\t\t\t\t\n\t\t\t\t<div class=\"et_pb_module_inner\">\n\t\t\t\t\t<div class=\"dsm-text-divider-wrapper dsm-text-divider-align-center et_pb_bg_layout_light\">\n\t\t\t\t\n\t\t\t\t\n\t\t\t\t<div class=\"dsm-text-divider-before dsm-divider\"><\/div>\n\t\t\t\t<h1 class=\"dsm-text-divider-header et_pb_module_header\"><span> Il nostro desiderio<\/span><\/h1>\n\t\t\t\t<div class=\"dsm-text-divider-after dsm-divider\"><\/div>\n\t\t\t<\/div>\n\t\t\t\t<\/div>\n\t\t\t<\/div>Diventare il Vostro consulente finanziario di riferimento per permetterVi di beneficiare della gestione del Vostro patrimonio finanziario pi\u00f9 adeguata alla Vostra situazione personale.<div class=\"et_pb_module dsm_lottie dsm_lottie_0\">\n\t\t\t\t\n\t\t\t\t\n\t\t\t\t\n\t\t\t\t\n\t\t\t\t\n\t\t\t\t\n\t\t\t\t<div class=\"et_pb_module_inner\">\n\t\t\t\t\t<div class=\"dsm_lottie_wrapper\" data-percent-viewport=\"\" data-params={&quot;path&quot;:&quot;&quot;,&quot;loop&quot;:true,&quot;loop_no&quot;:&quot;&quot;,&quot;delay&quot;:&quot;0ms&quot;,&quot;direction&quot;:&quot;1&quot;,&quot;speed&quot;:&quot;1&quot;,&quot;hover&quot;:false,&quot;trigger&quot;:&quot;on_hover&quot;,&quot;scroll&quot;:&quot;on_hover&quot;,&quot;mouseout&quot;:&quot;no_action&quot;,&quot;viewport&quot;:&quot;80%&quot;}>\n\t\t\t<\/div>\n\t\t\t\t<\/div>\n\t\t\t<\/div>La societ\u00e0GIS-Advisers \u00e8 una societ\u00e0 di gestione patrimoniale (Private Wealth Management), autorizzata [&hellip;]<\/p>\n","protected":false},"author":1,"featured_media":0,"parent":0,"menu_order":0,"comment_status":"closed","ping_status":"closed","template":"","meta":{"_et_pb_use_builder":"on","_et_pb_old_content":"","_et_gb_content_width":"","inline_featured_image":false,"footnotes":""},"class_list":["post-29209","page","type-page","status-publish","hentry"],"yoast_head":"<!-- This site is optimized with the Yoast SEO plugin v26.0 - https:\/\/yoast.com\/wordpress\/plugins\/seo\/ -->\n<title>Societ\u00e0 - GIS - Advisers SA<\/title>\n<meta name=\"robots\" content=\"index, follow, max-snippet:-1, max-image-preview:large, max-video-preview:-1\" \/>\n<link rel=\"canonical\" href=\"https:\/\/gis-advisers.com\/it\/societa\/\" \/>\n<meta property=\"og:locale\" content=\"it_IT\" \/>\n<meta property=\"og:type\" content=\"article\" \/>\n<meta property=\"og:title\" content=\"Societ\u00e0 - GIS - Advisers SA\" \/>\n<meta property=\"og:description\" content=\"Diventare il Vostro consulente finanziario di riferimento per permetterVi di beneficiare della gestione del Vostro patrimonio finanziario pi\u00f9 adeguata alla Vostra situazione personale.La societ\u00e0GIS-Advisers \u00e8 una societ\u00e0 di gestione patrimoniale (Private Wealth Management), autorizzata [&hellip;]\" \/>\n<meta property=\"og:url\" content=\"https:\/\/gis-advisers.com\/it\/societa\/\" \/>\n<meta property=\"og:site_name\" content=\"GIS - Advisers SA\" \/>\n<meta property=\"article:modified_time\" content=\"2025-12-04T15:51:43+00:00\" \/>\n<meta name=\"twitter:card\" content=\"summary_large_image\" \/>\n<meta name=\"twitter:label1\" content=\"Tempo di lettura stimato\" \/>\n\t<meta name=\"twitter:data1\" content=\"4 minuti\" \/>\n<script type=\"application\/ld+json\" class=\"yoast-schema-graph\">{\"@context\":\"https:\/\/schema.org\",\"@graph\":[{\"@type\":\"WebPage\",\"@id\":\"https:\/\/gis-advisers.com\/it\/societa\/\",\"url\":\"https:\/\/gis-advisers.com\/it\/societa\/\",\"name\":\"Societ\u00e0 - GIS - Advisers SA\",\"isPartOf\":{\"@id\":\"https:\/\/gis-advisers.com\/it\/#website\"},\"datePublished\":\"2021-04-27T06:19:52+00:00\",\"dateModified\":\"2025-12-04T15:51:43+00:00\",\"breadcrumb\":{\"@id\":\"https:\/\/gis-advisers.com\/it\/societa\/#breadcrumb\"},\"inLanguage\":\"it-IT\",\"potentialAction\":[{\"@type\":\"ReadAction\",\"target\":[\"https:\/\/gis-advisers.com\/it\/societa\/\"]}]},{\"@type\":\"BreadcrumbList\",\"@id\":\"https:\/\/gis-advisers.com\/it\/societa\/#breadcrumb\",\"itemListElement\":[{\"@type\":\"ListItem\",\"position\":1,\"name\":\"Accueil\",\"item\":\"https:\/\/gis-advisers.com\/it\/\"},{\"@type\":\"ListItem\",\"position\":2,\"name\":\"Societ\u00e0\"}]},{\"@type\":\"WebSite\",\"@id\":\"https:\/\/gis-advisers.com\/it\/#website\",\"url\":\"https:\/\/gis-advisers.com\/it\/\",\"name\":\"GIS - Advisers SA\",\"description\":\"\",\"publisher\":{\"@id\":\"https:\/\/gis-advisers.com\/it\/#organization\"},\"potentialAction\":[{\"@type\":\"SearchAction\",\"target\":{\"@type\":\"EntryPoint\",\"urlTemplate\":\"https:\/\/gis-advisers.com\/it\/?s={search_term_string}\"},\"query-input\":{\"@type\":\"PropertyValueSpecification\",\"valueRequired\":true,\"valueName\":\"search_term_string\"}}],\"inLanguage\":\"it-IT\"},{\"@type\":\"Organization\",\"@id\":\"https:\/\/gis-advisers.com\/it\/#organization\",\"name\":\"GIS - Advisers SA\",\"url\":\"https:\/\/gis-advisers.com\/it\/\",\"logo\":{\"@type\":\"ImageObject\",\"inLanguage\":\"it-IT\",\"@id\":\"https:\/\/gis-advisers.com\/it\/#\/schema\/logo\/image\/\",\"url\":\"https:\/\/gis-advisers.com\/wp-content\/uploads\/2021\/04\/gis_01.jpg\",\"contentUrl\":\"https:\/\/gis-advisers.com\/wp-content\/uploads\/2021\/04\/gis_01.jpg\",\"width\":242,\"height\":57,\"caption\":\"GIS - Advisers SA\"},\"image\":{\"@id\":\"https:\/\/gis-advisers.com\/it\/#\/schema\/logo\/image\/\"}}]}<\/script>\n<!-- \/ Yoast SEO plugin. -->","yoast_head_json":{"title":"Societ\u00e0 - GIS - Advisers SA","robots":{"index":"index","follow":"follow","max-snippet":"max-snippet:-1","max-image-preview":"max-image-preview:large","max-video-preview":"max-video-preview:-1"},"canonical":"https:\/\/gis-advisers.com\/it\/societa\/","og_locale":"it_IT","og_type":"article","og_title":"Societ\u00e0 - GIS - Advisers SA","og_description":"Diventare il Vostro consulente finanziario di riferimento per permetterVi di beneficiare della gestione del Vostro patrimonio finanziario pi\u00f9 adeguata alla Vostra situazione personale.La societ\u00e0GIS-Advisers \u00e8 una societ\u00e0 di gestione patrimoniale (Private Wealth Management), autorizzata [&hellip;]","og_url":"https:\/\/gis-advisers.com\/it\/societa\/","og_site_name":"GIS - Advisers SA","article_modified_time":"2025-12-04T15:51:43+00:00","twitter_card":"summary_large_image","twitter_misc":{"Tempo di lettura stimato":"4 minuti"},"schema":{"@context":"https:\/\/schema.org","@graph":[{"@type":"WebPage","@id":"https:\/\/gis-advisers.com\/it\/societa\/","url":"https:\/\/gis-advisers.com\/it\/societa\/","name":"Societ\u00e0 - GIS - Advisers SA","isPartOf":{"@id":"https:\/\/gis-advisers.com\/it\/#website"},"datePublished":"2021-04-27T06:19:52+00:00","dateModified":"2025-12-04T15:51:43+00:00","breadcrumb":{"@id":"https:\/\/gis-advisers.com\/it\/societa\/#breadcrumb"},"inLanguage":"it-IT","potentialAction":[{"@type":"ReadAction","target":["https:\/\/gis-advisers.com\/it\/societa\/"]}]},{"@type":"BreadcrumbList","@id":"https:\/\/gis-advisers.com\/it\/societa\/#breadcrumb","itemListElement":[{"@type":"ListItem","position":1,"name":"Accueil","item":"https:\/\/gis-advisers.com\/it\/"},{"@type":"ListItem","position":2,"name":"Societ\u00e0"}]},{"@type":"WebSite","@id":"https:\/\/gis-advisers.com\/it\/#website","url":"https:\/\/gis-advisers.com\/it\/","name":"GIS - Advisers SA","description":"","publisher":{"@id":"https:\/\/gis-advisers.com\/it\/#organization"},"potentialAction":[{"@type":"SearchAction","target":{"@type":"EntryPoint","urlTemplate":"https:\/\/gis-advisers.com\/it\/?s={search_term_string}"},"query-input":{"@type":"PropertyValueSpecification","valueRequired":true,"valueName":"search_term_string"}}],"inLanguage":"it-IT"},{"@type":"Organization","@id":"https:\/\/gis-advisers.com\/it\/#organization","name":"GIS - Advisers SA","url":"https:\/\/gis-advisers.com\/it\/","logo":{"@type":"ImageObject","inLanguage":"it-IT","@id":"https:\/\/gis-advisers.com\/it\/#\/schema\/logo\/image\/","url":"https:\/\/gis-advisers.com\/wp-content\/uploads\/2021\/04\/gis_01.jpg","contentUrl":"https:\/\/gis-advisers.com\/wp-content\/uploads\/2021\/04\/gis_01.jpg","width":242,"height":57,"caption":"GIS - Advisers SA"},"image":{"@id":"https:\/\/gis-advisers.com\/it\/#\/schema\/logo\/image\/"}}]}},"_links":{"self":[{"href":"https:\/\/gis-advisers.com\/it\/wp-json\/wp\/v2\/pages\/29209","targetHints":{"allow":["GET"]}}],"collection":[{"href":"https:\/\/gis-advisers.com\/it\/wp-json\/wp\/v2\/pages"}],"about":[{"href":"https:\/\/gis-advisers.com\/it\/wp-json\/wp\/v2\/types\/page"}],"author":[{"embeddable":true,"href":"https:\/\/gis-advisers.com\/it\/wp-json\/wp\/v2\/users\/1"}],"replies":[{"embeddable":true,"href":"https:\/\/gis-advisers.com\/it\/wp-json\/wp\/v2\/comments?post=29209"}],"version-history":[{"count":21,"href":"https:\/\/gis-advisers.com\/it\/wp-json\/wp\/v2\/pages\/29209\/revisions"}],"predecessor-version":[{"id":30028,"href":"https:\/\/gis-advisers.com\/it\/wp-json\/wp\/v2\/pages\/29209\/revisions\/30028"}],"wp:attachment":[{"href":"https:\/\/gis-advisers.com\/it\/wp-json\/wp\/v2\/media?parent=29209"}],"curies":[{"name":"wp","href":"https:\/\/api.w.org\/{rel}","templated":true}]}}