{"id":29179,"date":"2021-04-27T07:22:47","date_gmt":"2021-04-27T05:22:47","guid":{"rendered":"https:\/\/gis-advisers.com\/contatto\/"},"modified":"2025-12-05T05:40:28","modified_gmt":"2025-12-05T04:40:28","slug":"contatto","status":"publish","type":"page","link":"https:\/\/gis-advisers.com\/it\/contatto\/","title":{"rendered":"Contatto"},"content":{"rendered":"<p>[et_pb_section fb_built=&#8221;1&#8243; custom_padding_last_edited=&#8221;on|phone&#8221; next_background_color=&#8221;#ffffff&#8221; _builder_version=&#8221;4.23.1&#8243; _module_preset=&#8221;default&#8221; use_background_color_gradient=&#8221;on&#8221; background_color_gradient_stops=&#8221;rgba(5,5,5,0.35) 0%|rgba(5,5,5,0.35) 100%&#8221; background_color_gradient_overlays_image=&#8221;on&#8221; background_color_gradient_start=&#8221;rgba(0,62,145,0.55)&#8221; background_color_gradient_end=&#8221;rgba(0,34,79,0.8)&#8221; background_image=&#8221;https:\/\/gis-advisers.com\/wp-content\/uploads\/2023\/12\/geneve-batiment.jpg&#8221; custom_margin=&#8221;0px||0px||false|false&#8221; custom_padding=&#8221;100px|40px|160px|40px|false|true&#8221; custom_padding_tablet=&#8221;|20px|140px|20px|false|true&#8221; custom_padding_phone=&#8221;100px||130px||false|false&#8221; bottom_divider_style=&#8221;arrow3&#8243; bottom_divider_height_tablet=&#8221;60px&#8221; bottom_divider_height_phone=&#8221;40px&#8221; bottom_divider_height_last_edited=&#8221;on|desktop&#8221; global_colors_info=&#8221;{}&#8221;][et_pb_row _builder_version=&#8221;4.16&#8243; _module_preset=&#8221;default&#8221; max_width=&#8221;650px&#8221; module_alignment=&#8221;center&#8221; custom_margin=&#8221;0px||0px||false|false&#8221; custom_padding=&#8221;0px||0px||false|false&#8221; global_colors_info=&#8221;{}&#8221;][et_pb_column type=&#8221;4_4&#8243; _builder_version=&#8221;4.16&#8243; _module_preset=&#8221;default&#8221; global_colors_info=&#8221;{}&#8221;][dsm_text_divider header=&#8221;Contatto&#8221; color=&#8221;#FFFFFF&#8221; divider_weight=&#8221;3px&#8221; _builder_version=&#8221;4.16&#8243; _module_preset=&#8221;default&#8221; header_level=&#8221;h1&#8243; header_text_align=&#8221;center&#8221; header_text_color=&#8221;#FFFFFF&#8221; header_font_size=&#8221;48px&#8221; custom_margin=&#8221;0px||0px||false|false&#8221; custom_padding=&#8221;0px||0px||false|false&#8221; header_font_size_tablet=&#8221;44px&#8221; header_font_size_phone=&#8221;40px&#8221; header_font_size_last_edited=&#8221;on|phone&#8221; global_colors_info=&#8221;{}&#8221;][\/dsm_text_divider][dsm_lottie _builder_version=&#8221;4.16&#8243; _module_preset=&#8221;default&#8221; global_colors_info=&#8221;{}&#8221;][\/dsm_lottie][\/et_pb_column][\/et_pb_row][\/et_pb_section][et_pb_section fb_built=&#8221;1&#8243; custom_padding_last_edited=&#8221;on|phone&#8221; _builder_version=&#8221;4.16&#8243; _module_preset=&#8221;default&#8221; custom_padding=&#8221;55px|40px|80px|40px|false|true&#8221; custom_padding_tablet=&#8221;|20px||20px|false|true&#8221; custom_padding_phone=&#8221;&#8221; global_colors_info=&#8221;{}&#8221;][et_pb_row column_structure=&#8221;1_3,2_3&#8243; _builder_version=&#8221;4.16&#8243; _module_preset=&#8221;default&#8221; custom_margin=&#8221;0px||0px||false|false&#8221; custom_padding=&#8221;0px||0px||false|false&#8221; global_colors_info=&#8221;{}&#8221;][et_pb_column type=&#8221;1_3&#8243; _builder_version=&#8221;4.16&#8243; _module_preset=&#8221;default&#8221; global_colors_info=&#8221;{}&#8221;][et_pb_text _builder_version=&#8221;4.23.1&#8243; _module_preset=&#8221;default&#8221; link_font=&#8221;|600|||||||&#8221; link_text_color=&#8221;#A91917&#8243; header_2_font_size=&#8221;48px&#8221; header_3_font_size=&#8221;26px&#8221; custom_margin=&#8221;0px||6px||false|false&#8221; custom_padding=&#8221;0px||0px||false|false&#8221; global_colors_info=&#8221;{}&#8221;]<\/p>\n<h3>GIS \u2013 Advisers SA<\/h3>\n<p>Rue Adrien-Lachenal 20<br \/>1207 Ginevra<\/p>\n<p>Tel. <a href=\"tel:0041225522565\">+41 22 552 25 65<\/a><\/p>\n<p>[\/et_pb_text][et_pb_text disabled_on=&#8221;on|on|on&#8221; _builder_version=&#8221;4.23.1&#8243; _module_preset=&#8221;default&#8221; custom_margin=&#8221;40px||10px||false|false&#8221; custom_padding=&#8221;0px||0px||false|false&#8221; disabled=&#8221;on&#8221; global_colors_info=&#8221;{}&#8221;]<\/p>\n<p>L&#8217;ingresso ai nostri uffici<\/p>\n<p>[\/et_pb_text][et_pb_image src=&#8221;https:\/\/gis-advisers.com\/wp-content\/uploads\/2021\/04\/20210325_100050-scaled.jpg&#8221; title_text=&#8221;20210325_100050&#8243; disabled_on=&#8221;on|on|on&#8221; _builder_version=&#8221;4.23.1&#8243; _module_preset=&#8221;default&#8221; disabled=&#8221;on&#8221; global_colors_info=&#8221;{}&#8221;][\/et_pb_image][\/et_pb_column][et_pb_column type=&#8221;2_3&#8243; _builder_version=&#8221;4.16&#8243; _module_preset=&#8221;default&#8221; custom_padding=&#8221;||||false|false&#8221; global_colors_info=&#8221;{}&#8221;][et_pb_code _builder_version=&#8221;4.23.1&#8243; _module_preset=&#8221;default&#8221; global_colors_info=&#8221;{}&#8221;]<iframe src=\"https:\/\/www.google.com\/maps\/embed?pb=!4v1702460152606!6m8!1m7!1serIhiOzGNPHx49Cs4OW6ig!2m2!1d46.19970644174628!2d6.156178435574555!3f300.31!4f21.560000000000002!5f0.7820865974627469\" width=\"600\" height=\"500\" style=\"border:0;\" allowfullscreen=\"\" loading=\"lazy\" referrerpolicy=\"no-referrer-when-downgrade\"><\/iframe>[\/et_pb_code][\/et_pb_column][\/et_pb_row][\/et_pb_section][et_pb_section fb_built=&#8221;1&#8243; custom_padding_last_edited=&#8221;on|desktop&#8221; _builder_version=&#8221;4.16&#8243; _module_preset=&#8221;default&#8221; custom_margin=&#8221;0px||0px||false|false&#8221; custom_padding=&#8221;10px|40px|80px|40px|false|true&#8221; custom_padding_tablet=&#8221;|20px||20px|false|true&#8221; custom_padding_phone=&#8221;&#8221; global_colors_info=&#8221;{}&#8221;][et_pb_row _builder_version=&#8221;4.16&#8243; _module_preset=&#8221;default&#8221; custom_margin=&#8221;0px||0px||false|false&#8221; custom_padding=&#8221;0px||0px||false|false&#8221; global_colors_info=&#8221;{}&#8221;][et_pb_column type=&#8221;4_4&#8243; _builder_version=&#8221;4.16&#8243; _module_preset=&#8221;default&#8221; global_colors_info=&#8221;{}&#8221;][et_pb_text _builder_version=&#8221;4.16&#8243; _module_preset=&#8221;default&#8221; header_2_font_size=&#8221;48px&#8221; width=&#8221;700px&#8221; max_width=&#8221;100%&#8221; module_alignment=&#8221;center&#8221; custom_margin=&#8221;0px||20px||false|false&#8221; custom_padding=&#8221;0px||0px||false|false&#8221; global_colors_info=&#8221;{}&#8221;]<\/p>\n<h2>Modulo di Contatto<\/h2>\n<p>[\/et_pb_text][et_pb_contact_form use_spam_service=&#8221;on&#8221; recaptcha_list=&#8221;GIS Advisers SA|GIS Advisers SA-0&#8243; email=&#8221;pierre.garcia@gis-advisers.com&#8221; custom_message=&#8221;Sujet de la demande :||et_pb_line_break_holder||%%cases%%||et_pb_line_break_holder||||et_pb_line_break_holder||Nom : %%nom%%||et_pb_line_break_holder||Pr\u00e9nom : %%prenom%%||et_pb_line_break_holder||||et_pb_line_break_holder||T\u00e9l\u00e9phone : %%telephone%%||et_pb_line_break_holder||E-mail : %%e-mail%%||et_pb_line_break_holder||||et_pb_line_break_holder||\u2013\u2013||et_pb_line_break_holder||E-mail envoy\u00e9 depuis le formulaire de contact (IT) du site GIS Advisers&#8221; success_message=&#8221;Abbiamo ricevuto la sua richiesta. Vi contatteremo a breve.&#8221; submit_button_text=&#8221;Inviare&#8221; _builder_version=&#8221;4.27.4&#8243; _module_preset=&#8221;default&#8221; _unique_id=&#8221;377322f8-c378-4d78-8f22-06e784ba9de2&#8243; form_field_focus_text_color=&#8221;#050505&#8243; title_font_size=&#8221;48px&#8221; form_field_font_size=&#8221;18px&#8221; width=&#8221;700px&#8221; max_width=&#8221;100%&#8221; module_alignment=&#8221;center&#8221; hover_enabled=&#8221;0&#8243; global_colors_info=&#8221;{}&#8221; sticky_enabled=&#8221;0&#8243;][et_pb_contact_field field_id=&#8221;cases&#8221; field_title=&#8221;Per qualsiasi richiesta, vi preghiamo di inviarci un messaggio di contatto con il modulo sottostante:&#8221; field_type=&#8221;radio&#8221; radio_options=&#8221;%91{%22value%22:%22Grazie per avermi contattato e informarmi dei servizi che la tua azienda propone%22,%22checked%22:0,%22dragID%22:-1},{%22value%22:%22Richiesta di contatto per qualsiasi altra richiesta%22,%22checked%22:0,%22dragID%22:0}%93&#8243; fullwidth_field=&#8221;on&#8221; _builder_version=&#8221;4.16&#8243; _module_preset=&#8221;default&#8221; form_field_text_color=&#8221;#050505&#8243; global_colors_info=&#8221;{}&#8221;][\/et_pb_contact_field][et_pb_contact_field field_id=&#8221;nom&#8221; field_title=&#8221;Nome&#8221; fullwidth_field=&#8221;on&#8221; _builder_version=&#8221;4.16&#8243; global_colors_info=&#8221;{}&#8221; button_text_size__hover_enabled=&#8221;off&#8221; button_one_text_size__hover_enabled=&#8221;off&#8221; button_two_text_size__hover_enabled=&#8221;off&#8221; button_text_color__hover_enabled=&#8221;off&#8221; button_one_text_color__hover_enabled=&#8221;off&#8221; button_two_text_color__hover_enabled=&#8221;off&#8221; button_border_width__hover_enabled=&#8221;off&#8221; button_one_border_width__hover_enabled=&#8221;off&#8221; button_two_border_width__hover_enabled=&#8221;off&#8221; button_border_color__hover_enabled=&#8221;off&#8221; button_one_border_color__hover_enabled=&#8221;off&#8221; button_two_border_color__hover_enabled=&#8221;off&#8221; button_border_radius__hover_enabled=&#8221;off&#8221; button_one_border_radius__hover_enabled=&#8221;off&#8221; button_two_border_radius__hover_enabled=&#8221;off&#8221; button_letter_spacing__hover_enabled=&#8221;off&#8221; button_one_letter_spacing__hover_enabled=&#8221;off&#8221; button_two_letter_spacing__hover_enabled=&#8221;off&#8221; button_bg_color__hover_enabled=&#8221;off&#8221; button_one_bg_color__hover_enabled=&#8221;off&#8221; button_two_bg_color__hover_enabled=&#8221;off&#8221;][\/et_pb_contact_field][et_pb_contact_field field_id=&#8221;prenom&#8221; field_title=&#8221;Cognome&#8221; fullwidth_field=&#8221;on&#8221; _builder_version=&#8221;4.16&#8243; global_colors_info=&#8221;{}&#8221; button_text_size__hover_enabled=&#8221;off&#8221; button_one_text_size__hover_enabled=&#8221;off&#8221; button_two_text_size__hover_enabled=&#8221;off&#8221; button_text_color__hover_enabled=&#8221;off&#8221; button_one_text_color__hover_enabled=&#8221;off&#8221; button_two_text_color__hover_enabled=&#8221;off&#8221; button_border_width__hover_enabled=&#8221;off&#8221; button_one_border_width__hover_enabled=&#8221;off&#8221; button_two_border_width__hover_enabled=&#8221;off&#8221; button_border_color__hover_enabled=&#8221;off&#8221; button_one_border_color__hover_enabled=&#8221;off&#8221; button_two_border_color__hover_enabled=&#8221;off&#8221; button_border_radius__hover_enabled=&#8221;off&#8221; button_one_border_radius__hover_enabled=&#8221;off&#8221; button_two_border_radius__hover_enabled=&#8221;off&#8221; button_letter_spacing__hover_enabled=&#8221;off&#8221; button_one_letter_spacing__hover_enabled=&#8221;off&#8221; button_two_letter_spacing__hover_enabled=&#8221;off&#8221; button_bg_color__hover_enabled=&#8221;off&#8221; button_one_bg_color__hover_enabled=&#8221;off&#8221; button_two_bg_color__hover_enabled=&#8221;off&#8221;][\/et_pb_contact_field][et_pb_contact_field field_id=&#8221;telephone&#8221; field_title=&#8221;Telefono&#8221; fullwidth_field=&#8221;on&#8221; _builder_version=&#8221;4.16&#8243; global_colors_info=&#8221;{}&#8221; button_text_size__hover_enabled=&#8221;off&#8221; button_one_text_size__hover_enabled=&#8221;off&#8221; button_two_text_size__hover_enabled=&#8221;off&#8221; button_text_color__hover_enabled=&#8221;off&#8221; button_one_text_color__hover_enabled=&#8221;off&#8221; button_two_text_color__hover_enabled=&#8221;off&#8221; button_border_width__hover_enabled=&#8221;off&#8221; button_one_border_width__hover_enabled=&#8221;off&#8221; button_two_border_width__hover_enabled=&#8221;off&#8221; button_border_color__hover_enabled=&#8221;off&#8221; button_one_border_color__hover_enabled=&#8221;off&#8221; button_two_border_color__hover_enabled=&#8221;off&#8221; button_border_radius__hover_enabled=&#8221;off&#8221; button_one_border_radius__hover_enabled=&#8221;off&#8221; button_two_border_radius__hover_enabled=&#8221;off&#8221; button_letter_spacing__hover_enabled=&#8221;off&#8221; button_one_letter_spacing__hover_enabled=&#8221;off&#8221; button_two_letter_spacing__hover_enabled=&#8221;off&#8221; button_bg_color__hover_enabled=&#8221;off&#8221; button_one_bg_color__hover_enabled=&#8221;off&#8221; button_two_bg_color__hover_enabled=&#8221;off&#8221;][\/et_pb_contact_field][et_pb_contact_field field_id=&#8221;e-mail&#8221; field_title=&#8221;Email&#8221; field_type=&#8221;email&#8221; fullwidth_field=&#8221;on&#8221; _builder_version=&#8221;4.16&#8243; _module_preset=&#8221;default&#8221; global_colors_info=&#8221;{}&#8221;][\/et_pb_contact_field][et_pb_contact_field field_id=&#8221;politique-de-confidentialite&#8221; field_title=&#8221;Politica sulla privacy&#8221; field_type=&#8221;checkbox&#8221; checkbox_options=&#8221;%91{%22value%22:%22Accetto l&apos;informativa sulla privacy sulla trasmissione dei miei dati.%22,%22checked%22:0,%22dragID%22:-1,%22link_url%22:%22https:\/\/gis-advisers.com\/it\/politique-de-confidentialite\/%22,%22link_text%22:%22%22}%93&#8243; fullwidth_field=&#8221;on&#8221; _builder_version=&#8221;4.16&#8243; _module_preset=&#8221;default&#8221; form_field_text_color=&#8221;#050505&#8243; global_colors_info=&#8221;{}&#8221;][\/et_pb_contact_field][\/et_pb_contact_form][\/et_pb_column][\/et_pb_row][\/et_pb_section]<\/p>\n","protected":false},"excerpt":{"rendered":"<p><div class=\"et_pb_module dsm_text_divider dsm_text_divider_0\">\n\t\t\t\t\n\t\t\t\t\n\t\t\t\t\n\t\t\t\t\n\t\t\t\t\n\t\t\t\t\n\t\t\t\t<div class=\"et_pb_module_inner\">\n\t\t\t\t\t<div class=\"dsm-text-divider-wrapper dsm-text-divider-align-center et_pb_bg_layout_light\">\n\t\t\t\t\n\t\t\t\t\n\t\t\t\t<div class=\"dsm-text-divider-before dsm-divider\"><\/div>\n\t\t\t\t<h1 class=\"dsm-text-divider-header et_pb_module_header\"><span>Contatto<\/span><\/h1>\n\t\t\t\t<div class=\"dsm-text-divider-after dsm-divider\"><\/div>\n\t\t\t<\/div>\n\t\t\t\t<\/div>\n\t\t\t<\/div><div class=\"et_pb_module dsm_lottie dsm_lottie_0\">\n\t\t\t\t\n\t\t\t\t\n\t\t\t\t\n\t\t\t\t\n\t\t\t\t\n\t\t\t\t\n\t\t\t\t<div class=\"et_pb_module_inner\">\n\t\t\t\t\t<div class=\"dsm_lottie_wrapper\" data-percent-viewport=\"\" data-params={&quot;path&quot;:&quot;&quot;,&quot;loop&quot;:true,&quot;loop_no&quot;:&quot;&quot;,&quot;delay&quot;:&quot;0ms&quot;,&quot;direction&quot;:&quot;1&quot;,&quot;speed&quot;:&quot;1&quot;,&quot;hover&quot;:false,&quot;trigger&quot;:&quot;on_hover&quot;,&quot;scroll&quot;:&quot;on_hover&quot;,&quot;mouseout&quot;:&quot;no_action&quot;,&quot;viewport&quot;:&quot;80%&quot;}>\n\t\t\t<\/div>\n\t\t\t\t<\/div>\n\t\t\t<\/div>GIS \u2013 Advisers SA Rue Adrien-Lachenal 201207 Ginevra Tel. +41 22 552 25 65L&#8217;ingresso ai nostri ufficiModulo di Contatto<\/p>\n","protected":false},"author":1,"featured_media":0,"parent":0,"menu_order":0,"comment_status":"closed","ping_status":"closed","template":"","meta":{"_et_pb_use_builder":"on","_et_pb_old_content":"","_et_gb_content_width":"","inline_featured_image":false,"footnotes":""},"class_list":["post-29179","page","type-page","status-publish","hentry"],"yoast_head":"<!-- This site is optimized with the Yoast SEO plugin v26.0 - https:\/\/yoast.com\/wordpress\/plugins\/seo\/ -->\n<title>Contatto - GIS - Advisers SA<\/title>\n<meta name=\"robots\" content=\"index, follow, max-snippet:-1, max-image-preview:large, max-video-preview:-1\" \/>\n<link rel=\"canonical\" href=\"https:\/\/gis-advisers.com\/it\/contatto\/\" \/>\n<meta property=\"og:locale\" content=\"it_IT\" \/>\n<meta property=\"og:type\" content=\"article\" \/>\n<meta property=\"og:title\" content=\"Contatto - GIS - Advisers SA\" \/>\n<meta property=\"og:description\" content=\"GIS \u2013 Advisers SA Rue Adrien-Lachenal 201207 Ginevra Tel. +41 22 552 25 65L&#039;ingresso ai nostri ufficiModulo di Contatto\" \/>\n<meta property=\"og:url\" content=\"https:\/\/gis-advisers.com\/it\/contatto\/\" \/>\n<meta property=\"og:site_name\" content=\"GIS - Advisers SA\" \/>\n<meta property=\"article:modified_time\" content=\"2025-12-05T04:40:28+00:00\" \/>\n<meta name=\"twitter:card\" content=\"summary_large_image\" \/>\n<meta name=\"twitter:label1\" content=\"Tempo di lettura stimato\" \/>\n\t<meta name=\"twitter:data1\" content=\"2 minuti\" \/>\n<script type=\"application\/ld+json\" class=\"yoast-schema-graph\">{\"@context\":\"https:\/\/schema.org\",\"@graph\":[{\"@type\":\"WebPage\",\"@id\":\"https:\/\/gis-advisers.com\/it\/contatto\/\",\"url\":\"https:\/\/gis-advisers.com\/it\/contatto\/\",\"name\":\"Contatto - GIS - Advisers SA\",\"isPartOf\":{\"@id\":\"https:\/\/gis-advisers.com\/it\/#website\"},\"datePublished\":\"2021-04-27T05:22:47+00:00\",\"dateModified\":\"2025-12-05T04:40:28+00:00\",\"breadcrumb\":{\"@id\":\"https:\/\/gis-advisers.com\/it\/contatto\/#breadcrumb\"},\"inLanguage\":\"it-IT\",\"potentialAction\":[{\"@type\":\"ReadAction\",\"target\":[\"https:\/\/gis-advisers.com\/it\/contatto\/\"]}]},{\"@type\":\"BreadcrumbList\",\"@id\":\"https:\/\/gis-advisers.com\/it\/contatto\/#breadcrumb\",\"itemListElement\":[{\"@type\":\"ListItem\",\"position\":1,\"name\":\"Accueil\",\"item\":\"https:\/\/gis-advisers.com\/it\/\"},{\"@type\":\"ListItem\",\"position\":2,\"name\":\"Contatto\"}]},{\"@type\":\"WebSite\",\"@id\":\"https:\/\/gis-advisers.com\/it\/#website\",\"url\":\"https:\/\/gis-advisers.com\/it\/\",\"name\":\"GIS - Advisers SA\",\"description\":\"\",\"publisher\":{\"@id\":\"https:\/\/gis-advisers.com\/it\/#organization\"},\"potentialAction\":[{\"@type\":\"SearchAction\",\"target\":{\"@type\":\"EntryPoint\",\"urlTemplate\":\"https:\/\/gis-advisers.com\/it\/?s={search_term_string}\"},\"query-input\":{\"@type\":\"PropertyValueSpecification\",\"valueRequired\":true,\"valueName\":\"search_term_string\"}}],\"inLanguage\":\"it-IT\"},{\"@type\":\"Organization\",\"@id\":\"https:\/\/gis-advisers.com\/it\/#organization\",\"name\":\"GIS - Advisers SA\",\"url\":\"https:\/\/gis-advisers.com\/it\/\",\"logo\":{\"@type\":\"ImageObject\",\"inLanguage\":\"it-IT\",\"@id\":\"https:\/\/gis-advisers.com\/it\/#\/schema\/logo\/image\/\",\"url\":\"https:\/\/gis-advisers.com\/wp-content\/uploads\/2021\/04\/gis_01.jpg\",\"contentUrl\":\"https:\/\/gis-advisers.com\/wp-content\/uploads\/2021\/04\/gis_01.jpg\",\"width\":242,\"height\":57,\"caption\":\"GIS - Advisers SA\"},\"image\":{\"@id\":\"https:\/\/gis-advisers.com\/it\/#\/schema\/logo\/image\/\"}}]}<\/script>\n<!-- \/ Yoast SEO plugin. -->","yoast_head_json":{"title":"Contatto - GIS - Advisers SA","robots":{"index":"index","follow":"follow","max-snippet":"max-snippet:-1","max-image-preview":"max-image-preview:large","max-video-preview":"max-video-preview:-1"},"canonical":"https:\/\/gis-advisers.com\/it\/contatto\/","og_locale":"it_IT","og_type":"article","og_title":"Contatto - GIS - Advisers SA","og_description":"GIS \u2013 Advisers SA Rue Adrien-Lachenal 201207 Ginevra Tel. +41 22 552 25 65L'ingresso ai nostri ufficiModulo di Contatto","og_url":"https:\/\/gis-advisers.com\/it\/contatto\/","og_site_name":"GIS - Advisers SA","article_modified_time":"2025-12-05T04:40:28+00:00","twitter_card":"summary_large_image","twitter_misc":{"Tempo di lettura stimato":"2 minuti"},"schema":{"@context":"https:\/\/schema.org","@graph":[{"@type":"WebPage","@id":"https:\/\/gis-advisers.com\/it\/contatto\/","url":"https:\/\/gis-advisers.com\/it\/contatto\/","name":"Contatto - GIS - Advisers SA","isPartOf":{"@id":"https:\/\/gis-advisers.com\/it\/#website"},"datePublished":"2021-04-27T05:22:47+00:00","dateModified":"2025-12-05T04:40:28+00:00","breadcrumb":{"@id":"https:\/\/gis-advisers.com\/it\/contatto\/#breadcrumb"},"inLanguage":"it-IT","potentialAction":[{"@type":"ReadAction","target":["https:\/\/gis-advisers.com\/it\/contatto\/"]}]},{"@type":"BreadcrumbList","@id":"https:\/\/gis-advisers.com\/it\/contatto\/#breadcrumb","itemListElement":[{"@type":"ListItem","position":1,"name":"Accueil","item":"https:\/\/gis-advisers.com\/it\/"},{"@type":"ListItem","position":2,"name":"Contatto"}]},{"@type":"WebSite","@id":"https:\/\/gis-advisers.com\/it\/#website","url":"https:\/\/gis-advisers.com\/it\/","name":"GIS - Advisers SA","description":"","publisher":{"@id":"https:\/\/gis-advisers.com\/it\/#organization"},"potentialAction":[{"@type":"SearchAction","target":{"@type":"EntryPoint","urlTemplate":"https:\/\/gis-advisers.com\/it\/?s={search_term_string}"},"query-input":{"@type":"PropertyValueSpecification","valueRequired":true,"valueName":"search_term_string"}}],"inLanguage":"it-IT"},{"@type":"Organization","@id":"https:\/\/gis-advisers.com\/it\/#organization","name":"GIS - Advisers SA","url":"https:\/\/gis-advisers.com\/it\/","logo":{"@type":"ImageObject","inLanguage":"it-IT","@id":"https:\/\/gis-advisers.com\/it\/#\/schema\/logo\/image\/","url":"https:\/\/gis-advisers.com\/wp-content\/uploads\/2021\/04\/gis_01.jpg","contentUrl":"https:\/\/gis-advisers.com\/wp-content\/uploads\/2021\/04\/gis_01.jpg","width":242,"height":57,"caption":"GIS - Advisers SA"},"image":{"@id":"https:\/\/gis-advisers.com\/it\/#\/schema\/logo\/image\/"}}]}},"_links":{"self":[{"href":"https:\/\/gis-advisers.com\/it\/wp-json\/wp\/v2\/pages\/29179","targetHints":{"allow":["GET"]}}],"collection":[{"href":"https:\/\/gis-advisers.com\/it\/wp-json\/wp\/v2\/pages"}],"about":[{"href":"https:\/\/gis-advisers.com\/it\/wp-json\/wp\/v2\/types\/page"}],"author":[{"embeddable":true,"href":"https:\/\/gis-advisers.com\/it\/wp-json\/wp\/v2\/users\/1"}],"replies":[{"embeddable":true,"href":"https:\/\/gis-advisers.com\/it\/wp-json\/wp\/v2\/comments?post=29179"}],"version-history":[{"count":41,"href":"https:\/\/gis-advisers.com\/it\/wp-json\/wp\/v2\/pages\/29179\/revisions"}],"predecessor-version":[{"id":30054,"href":"https:\/\/gis-advisers.com\/it\/wp-json\/wp\/v2\/pages\/29179\/revisions\/30054"}],"wp:attachment":[{"href":"https:\/\/gis-advisers.com\/it\/wp-json\/wp\/v2\/media?parent=29179"}],"curies":[{"name":"wp","href":"https:\/\/api.w.org\/{rel}","templated":true}]}}